{"id":9992,"date":"2024-01-23T01:17:35","date_gmt":"2024-01-23T01:17:35","guid":{"rendered":"https:\/\/chileglass.com\/?page_id=9992"},"modified":"2024-11-18T16:10:51","modified_gmt":"2024-11-18T16:10:51","slug":"integra-glass","status":"publish","type":"page","link":"https:\/\/chileglass.com\/en\/exhibitor-list-2024\/integra-glass\/","title":{"rendered":"Integra Glass FABRICACION DE HERRAJES PARA VIDRIO"},"content":{"rendered":"<h5><strong>Integra Glass FABRICACION DE HERRAJES PARA VIDRIO\u00a0\u00a0 \u00a0N\u00famero de stand: C08<\/strong><\/h5>\n<p><img loading=\"lazy\" decoding=\"async\" class=\"alignnone wp-image-9993\" src=\"https:\/\/chileglass.com\/wp-content\/uploads\/2024\/01\/intergra-glass-Logotipo-2022-300x82.jpg\" alt=\"\" width=\"260\" height=\"71\" srcset=\"https:\/\/chileglass.com\/wp-content\/uploads\/2024\/01\/intergra-glass-Logotipo-2022-300x82.jpg 300w, https:\/\/chileglass.com\/wp-content\/uploads\/2024\/01\/intergra-glass-Logotipo-2022-1024x279.jpg 1024w, https:\/\/chileglass.com\/wp-content\/uploads\/2024\/01\/intergra-glass-Logotipo-2022-768x210.jpg 768w, https:\/\/chileglass.com\/wp-content\/uploads\/2024\/01\/intergra-glass-Logotipo-2022-1536x419.jpg 1536w, https:\/\/chileglass.com\/wp-content\/uploads\/2024\/01\/intergra-glass-Logotipo-2022-2048x559.jpg 2048w\" sizes=\"(max-width: 260px) 100vw, 260px\" \/><\/p>\n<h5>Website:\u00a0<a href=\"http:\/\/www.integraglass.com.mx\" target=\"_blank\" rel=\"noopener noreferrer\">www.integraglass.com.mx<\/a><\/h5>\n<p><strong>Introducci\u00f3n de la empresa:<\/strong><\/p>\n<p>Integra Glass es una empresa 100% mexicana respaldada por 26 a\u00f1os de experiencia en el mercado fabricando soluciones para aluminio y vidrio.<\/p>\n<p>Contamos con una planta de procesos en la que ofrecemos servicios de pintura electrost\u00e1tica y\/o sublimado en herrajes para vidrio, aluminio, perfiles de aluminio y\/o acero en l\u00edneas comerciales e industriales con capacidad de hasta 3.8 metros lineales en 25 acabados de l\u00ednea, as\u00ed como desarrollo de colores especiales sobre proyecto.<\/p>\n<p>Contamos con maquinaria y un departamento de ingenier\u00eda para brindar un servicio de dise\u00f1o y manufactura de herrajes especiales en aluminio, acero o inyecci\u00f3n de pl\u00e1stico, enfocado al desarrollo de sus proyectos.<\/p>\n<p>Nuestro producto l\u00edder como fabricantes es el sistema corredizo de ba\u00f1o para cristal templado, en el cual nuestros sistemas de rodamiento son ensamblados con componentes de excelente calidad y alta resistencia a la corrosi\u00f3n, validados bajo norma ASTM B 117-16.<\/p>\n<p>Garantizamos la m\u00e1s alta calidad en todos los productos que fabricamos y comercializamos, ofreciendo seriedad en nuestros servicios como instituci\u00f3n\u00a0de\u00a0prestigio.<\/p>\n<h5><strong>Productos:<\/strong><\/h5>\n<p>canceleria de aluminio para ba\u00f1o<\/p>\n<p><img loading=\"lazy\" decoding=\"async\" class=\"alignnone size-medium wp-image-9994\" src=\"https:\/\/chileglass.com\/wp-content\/uploads\/2024\/01\/07-2.png-232x300.jpg\" alt=\"\" width=\"232\" height=\"300\" srcset=\"https:\/\/chileglass.com\/wp-content\/uploads\/2024\/01\/07-2.png-232x300.jpg 232w, https:\/\/chileglass.com\/wp-content\/uploads\/2024\/01\/07-2.png-791x1024.jpg 791w, https:\/\/chileglass.com\/wp-content\/uploads\/2024\/01\/07-2.png-768x994.jpg 768w, https:\/\/chileglass.com\/wp-content\/uploads\/2024\/01\/07-2.png-1187x1536.jpg 1187w, https:\/\/chileglass.com\/wp-content\/uploads\/2024\/01\/07-2.png-1583x2048.jpg 1583w, https:\/\/chileglass.com\/wp-content\/uploads\/2024\/01\/07-2.png.jpg 1700w\" sizes=\"(max-width: 232px) 100vw, 232px\" \/> <img loading=\"lazy\" decoding=\"async\" class=\"alignnone size-medium wp-image-9995\" src=\"https:\/\/chileglass.com\/wp-content\/uploads\/2024\/01\/08.png-232x300.jpg\" alt=\"\" width=\"232\" height=\"300\" srcset=\"https:\/\/chileglass.com\/wp-content\/uploads\/2024\/01\/08.png-232x300.jpg 232w, https:\/\/chileglass.com\/wp-content\/uploads\/2024\/01\/08.png-791x1024.jpg 791w, https:\/\/chileglass.com\/wp-content\/uploads\/2024\/01\/08.png-768x994.jpg 768w, https:\/\/chileglass.com\/wp-content\/uploads\/2024\/01\/08.png-1187x1536.jpg 1187w, https:\/\/chileglass.com\/wp-content\/uploads\/2024\/01\/08.png-1583x2048.jpg 1583w, https:\/\/chileglass.com\/wp-content\/uploads\/2024\/01\/08.png.jpg 1700w\" sizes=\"(max-width: 232px) 100vw, 232px\" \/> <img loading=\"lazy\" decoding=\"async\" class=\"alignnone size-medium wp-image-9996\" src=\"https:\/\/chileglass.com\/wp-content\/uploads\/2024\/01\/09.png-232x300.jpg\" alt=\"\" width=\"232\" height=\"300\" srcset=\"https:\/\/chileglass.com\/wp-content\/uploads\/2024\/01\/09.png-232x300.jpg 232w, https:\/\/chileglass.com\/wp-content\/uploads\/2024\/01\/09.png-791x1024.jpg 791w, https:\/\/chileglass.com\/wp-content\/uploads\/2024\/01\/09.png-768x994.jpg 768w, https:\/\/chileglass.com\/wp-content\/uploads\/2024\/01\/09.png-1187x1536.jpg 1187w, https:\/\/chileglass.com\/wp-content\/uploads\/2024\/01\/09.png-1583x2048.jpg 1583w, https:\/\/chileglass.com\/wp-content\/uploads\/2024\/01\/09.png.jpg 1700w\" sizes=\"(max-width: 232px) 100vw, 232px\" \/> <img loading=\"lazy\" decoding=\"async\" class=\"alignnone size-medium wp-image-9997\" src=\"https:\/\/chileglass.com\/wp-content\/uploads\/2024\/01\/10.png-232x300.jpg\" alt=\"\" width=\"232\" height=\"300\" srcset=\"https:\/\/chileglass.com\/wp-content\/uploads\/2024\/01\/10.png-232x300.jpg 232w, https:\/\/chileglass.com\/wp-content\/uploads\/2024\/01\/10.png-791x1024.jpg 791w, https:\/\/chileglass.com\/wp-content\/uploads\/2024\/01\/10.png-768x994.jpg 768w, https:\/\/chileglass.com\/wp-content\/uploads\/2024\/01\/10.png-1187x1536.jpg 1187w, https:\/\/chileglass.com\/wp-content\/uploads\/2024\/01\/10.png-1583x2048.jpg 1583w, https:\/\/chileglass.com\/wp-content\/uploads\/2024\/01\/10.png.jpg 1700w\" sizes=\"(max-width: 232px) 100vw, 232px\" \/> <img loading=\"lazy\" decoding=\"async\" class=\"alignnone size-medium wp-image-9998\" src=\"https:\/\/chileglass.com\/wp-content\/uploads\/2024\/01\/11.png-232x300.jpg\" alt=\"\" width=\"232\" height=\"300\" srcset=\"https:\/\/chileglass.com\/wp-content\/uploads\/2024\/01\/11.png-232x300.jpg 232w, https:\/\/chileglass.com\/wp-content\/uploads\/2024\/01\/11.png-791x1024.jpg 791w, https:\/\/chileglass.com\/wp-content\/uploads\/2024\/01\/11.png-768x994.jpg 768w, https:\/\/chileglass.com\/wp-content\/uploads\/2024\/01\/11.png-1187x1536.jpg 1187w, https:\/\/chileglass.com\/wp-content\/uploads\/2024\/01\/11.png-1583x2048.jpg 1583w, https:\/\/chileglass.com\/wp-content\/uploads\/2024\/01\/11.png.jpg 1700w\" sizes=\"(max-width: 232px) 100vw, 232px\" \/> <img loading=\"lazy\" decoding=\"async\" class=\"alignnone size-medium wp-image-9999\" src=\"https:\/\/chileglass.com\/wp-content\/uploads\/2024\/01\/01.png-232x300.jpg\" alt=\"\" width=\"232\" height=\"300\" srcset=\"https:\/\/chileglass.com\/wp-content\/uploads\/2024\/01\/01.png-232x300.jpg 232w, https:\/\/chileglass.com\/wp-content\/uploads\/2024\/01\/01.png-791x1024.jpg 791w, https:\/\/chileglass.com\/wp-content\/uploads\/2024\/01\/01.png-768x994.jpg 768w, https:\/\/chileglass.com\/wp-content\/uploads\/2024\/01\/01.png-1187x1536.jpg 1187w, https:\/\/chileglass.com\/wp-content\/uploads\/2024\/01\/01.png-1583x2048.jpg 1583w, https:\/\/chileglass.com\/wp-content\/uploads\/2024\/01\/01.png.jpg 1700w\" sizes=\"(max-width: 232px) 100vw, 232px\" \/> <img loading=\"lazy\" decoding=\"async\" class=\"alignnone wp-image-10000\" src=\"https:\/\/chileglass.com\/wp-content\/uploads\/2024\/01\/02.png-232x300.jpg\" alt=\"\" width=\"163\" height=\"210\" srcset=\"https:\/\/chileglass.com\/wp-content\/uploads\/2024\/01\/02.png-232x300.jpg 232w, https:\/\/chileglass.com\/wp-content\/uploads\/2024\/01\/02.png-791x1024.jpg 791w, https:\/\/chileglass.com\/wp-content\/uploads\/2024\/01\/02.png-768x994.jpg 768w, https:\/\/chileglass.com\/wp-content\/uploads\/2024\/01\/02.png-1187x1536.jpg 1187w, https:\/\/chileglass.com\/wp-content\/uploads\/2024\/01\/02.png-1583x2048.jpg 1583w, https:\/\/chileglass.com\/wp-content\/uploads\/2024\/01\/02.png.jpg 1700w\" sizes=\"(max-width: 163px) 100vw, 163px\" \/> <img loading=\"lazy\" decoding=\"async\" class=\"alignnone wp-image-10001\" src=\"https:\/\/chileglass.com\/wp-content\/uploads\/2024\/01\/03.png-232x300.jpg\" alt=\"\" width=\"184\" height=\"238\" srcset=\"https:\/\/chileglass.com\/wp-content\/uploads\/2024\/01\/03.png-232x300.jpg 232w, https:\/\/chileglass.com\/wp-content\/uploads\/2024\/01\/03.png-791x1024.jpg 791w, https:\/\/chileglass.com\/wp-content\/uploads\/2024\/01\/03.png-768x994.jpg 768w, https:\/\/chileglass.com\/wp-content\/uploads\/2024\/01\/03.png-1187x1536.jpg 1187w, https:\/\/chileglass.com\/wp-content\/uploads\/2024\/01\/03.png-1583x2048.jpg 1583w, https:\/\/chileglass.com\/wp-content\/uploads\/2024\/01\/03.png.jpg 1700w\" sizes=\"(max-width: 184px) 100vw, 184px\" \/> <img loading=\"lazy\" decoding=\"async\" class=\"alignnone wp-image-10002\" src=\"https:\/\/chileglass.com\/wp-content\/uploads\/2024\/01\/04.png-232x300.jpg\" alt=\"\" width=\"183\" height=\"237\" srcset=\"https:\/\/chileglass.com\/wp-content\/uploads\/2024\/01\/04.png-232x300.jpg 232w, https:\/\/chileglass.com\/wp-content\/uploads\/2024\/01\/04.png-791x1024.jpg 791w, https:\/\/chileglass.com\/wp-content\/uploads\/2024\/01\/04.png-768x994.jpg 768w, https:\/\/chileglass.com\/wp-content\/uploads\/2024\/01\/04.png-1187x1536.jpg 1187w, https:\/\/chileglass.com\/wp-content\/uploads\/2024\/01\/04.png-1583x2048.jpg 1583w, https:\/\/chileglass.com\/wp-content\/uploads\/2024\/01\/04.png.jpg 1700w\" sizes=\"(max-width: 183px) 100vw, 183px\" \/> <img loading=\"lazy\" decoding=\"async\" class=\"alignnone wp-image-10003\" src=\"https:\/\/chileglass.com\/wp-content\/uploads\/2024\/01\/06.png-232x300.jpg\" alt=\"\" width=\"181\" height=\"234\" srcset=\"https:\/\/chileglass.com\/wp-content\/uploads\/2024\/01\/06.png-232x300.jpg 232w, https:\/\/chileglass.com\/wp-content\/uploads\/2024\/01\/06.png-791x1024.jpg 791w, https:\/\/chileglass.com\/wp-content\/uploads\/2024\/01\/06.png-768x994.jpg 768w, https:\/\/chileglass.com\/wp-content\/uploads\/2024\/01\/06.png-1187x1536.jpg 1187w, https:\/\/chileglass.com\/wp-content\/uploads\/2024\/01\/06.png-1583x2048.jpg 1583w, https:\/\/chileglass.com\/wp-content\/uploads\/2024\/01\/06.png.jpg 1700w\" sizes=\"(max-width: 181px) 100vw, 181px\" \/><\/p>\n","protected":false},"excerpt":{"rendered":"<p>Integra Glass FABRICACION DE HERRAJES PARA VIDRIO\u00a0\u00a0 \u00a0N\u00famero de stand: C08 Website:\u00a0www.integraglass.com.mx Introducci\u00f3n de la empresa: Integra Glass es una empresa 100% mexicana respaldada por 26 a\u00f1os de experiencia en el mercado fabricando soluciones para aluminio y vidrio. Contamos con una planta de procesos en la que ofrecemos servicios de pintura electrost\u00e1tica y\/o sublimado en [&hellip;]<\/p>\n","protected":false},"author":1,"featured_media":0,"parent":10281,"menu_order":0,"comment_status":"closed","ping_status":"closed","template":"","meta":{"footnotes":""},"_links":{"self":[{"href":"https:\/\/chileglass.com\/en\/wp-json\/wp\/v2\/pages\/9992"}],"collection":[{"href":"https:\/\/chileglass.com\/en\/wp-json\/wp\/v2\/pages"}],"about":[{"href":"https:\/\/chileglass.com\/en\/wp-json\/wp\/v2\/types\/page"}],"author":[{"embeddable":true,"href":"https:\/\/chileglass.com\/en\/wp-json\/wp\/v2\/users\/1"}],"replies":[{"embeddable":true,"href":"https:\/\/chileglass.com\/en\/wp-json\/wp\/v2\/comments?post=9992"}],"version-history":[{"count":2,"href":"https:\/\/chileglass.com\/en\/wp-json\/wp\/v2\/pages\/9992\/revisions"}],"predecessor-version":[{"id":12720,"href":"https:\/\/chileglass.com\/en\/wp-json\/wp\/v2\/pages\/9992\/revisions\/12720"}],"up":[{"embeddable":true,"href":"https:\/\/chileglass.com\/en\/wp-json\/wp\/v2\/pages\/10281"}],"wp:attachment":[{"href":"https:\/\/chileglass.com\/en\/wp-json\/wp\/v2\/media?parent=9992"}],"curies":[{"name":"wp","href":"https:\/\/api.w.org\/{rel}","templated":true}]}}