{"id":9605,"date":"2024-01-17T19:52:02","date_gmt":"2024-01-17T19:52:02","guid":{"rendered":"https:\/\/chileglass.com\/?page_id=9605"},"modified":"2024-02-27T14:38:25","modified_gmt":"2024-02-27T14:38:25","slug":"liaoning-north-glass","status":"publish","type":"page","link":"https:\/\/chileglass.com\/en\/exhibitor-list-2024\/liaoning-north-glass\/","title":{"rendered":"China Liaoning North Glass Machine Co., Ltd"},"content":{"rendered":"<h5>China Liaoning North Glass Machine Co., Ltd\u00a0\u00a0<strong>Stand: E27<\/strong><\/h5>\n<p><img loading=\"lazy\" decoding=\"async\" class=\"alignnone wp-image-7845\" src=\"https:\/\/www.glasstechcanada.ca\/wp-content\/uploads\/2023\/08\/north-glass-logo-300x188.jpg\" sizes=\"(max-width: 179px) 100vw, 179px\" srcset=\"https:\/\/www.glasstechcanada.ca\/wp-content\/uploads\/2023\/08\/north-glass-logo-300x188.jpg 300w, https:\/\/www.glasstechcanada.ca\/wp-content\/uploads\/2023\/08\/north-glass-logo.jpg 512w\" alt=\"\" width=\"179\" height=\"112\" \/><\/p>\n<h5>Website:\u00a0<a href=\"http:\/\/en.bfglass.com\/\" target=\"_blank\" rel=\"noopener noreferrer\">http:\/\/en.bfglass.com\/<\/a><\/h5>\n<p><strong>Company Introduction:<\/strong><\/p>\n<p>Hoy, en el siglo XXI, las creaciones cambian cada d\u00eda que pasa y la ciencia y la tecnolog\u00eda avanzan r\u00e1pidamente. La tecnolog\u00eda est\u00e1 afectando nuestras vidas y cambiando nuestro mundo.<\/p>\n<p>En el campo de la alta tecnolog\u00eda, una empresa de alta tecnolog\u00eda en la industria de producci\u00f3n de vidrio de China, China Liaoning North Glass Machine Co., Ltd est\u00e1 siguiendo los brillantes pasos de ayer y llega a nosotros con un nuevo amanecer.<\/p>\n<p><strong>Productos<\/strong><\/p>\n<p>Autoclave de vidrio laminado<\/p>\n<p>M\u00e1quinas de vidrio para arquitectura.<\/p>\n<p>M\u00e1quinas de vidrio para autom\u00f3viles<\/p>\n<p>M\u00e1quinas de vidrio especiales<\/p>\n<p>M\u00e1quinas de vidrio al vac\u00edo<\/p>\n<p>L\u00ednea de vidrio laminado<\/p>\n<p><img loading=\"lazy\" decoding=\"async\" class=\"alignnone size-medium wp-image-7847\" src=\"https:\/\/www.glasstechcanada.ca\/wp-content\/uploads\/2023\/08\/special-glass-machine-300x224.png\" sizes=\"(max-width: 300px) 100vw, 300px\" srcset=\"https:\/\/www.glasstechcanada.ca\/wp-content\/uploads\/2023\/08\/special-glass-machine-300x224.png 300w, https:\/\/www.glasstechcanada.ca\/wp-content\/uploads\/2023\/08\/special-glass-machine.png 738w\" alt=\"\" width=\"300\" height=\"224\" \/>\u00a0<img loading=\"lazy\" decoding=\"async\" class=\"alignnone size-medium wp-image-7844\" src=\"https:\/\/www.glasstechcanada.ca\/wp-content\/uploads\/2023\/08\/Laminated-glass-line-300x262.png\" sizes=\"(max-width: 300px) 100vw, 300px\" srcset=\"https:\/\/www.glasstechcanada.ca\/wp-content\/uploads\/2023\/08\/Laminated-glass-line-300x262.png 300w, https:\/\/www.glasstechcanada.ca\/wp-content\/uploads\/2023\/08\/Laminated-glass-line.png 734w\" alt=\"\" width=\"300\" height=\"262\" \/>\u00a0<img loading=\"lazy\" decoding=\"async\" class=\"alignnone size-medium wp-image-7843\" src=\"https:\/\/www.glasstechcanada.ca\/wp-content\/uploads\/2023\/08\/Laminated-glass-autoclave-300x228.png\" sizes=\"(max-width: 300px) 100vw, 300px\" srcset=\"https:\/\/www.glasstechcanada.ca\/wp-content\/uploads\/2023\/08\/Laminated-glass-autoclave-300x228.png 300w, https:\/\/www.glasstechcanada.ca\/wp-content\/uploads\/2023\/08\/Laminated-glass-autoclave.png 714w\" alt=\"\" width=\"300\" height=\"228\" \/><img loading=\"lazy\" decoding=\"async\" class=\"alignnone size-medium wp-image-7840\" src=\"https:\/\/www.glasstechcanada.ca\/wp-content\/uploads\/2023\/08\/Automatic-Desiccant-Filling-Machine-300x142.png\" sizes=\"(max-width: 300px) 100vw, 300px\" srcset=\"https:\/\/www.glasstechcanada.ca\/wp-content\/uploads\/2023\/08\/Automatic-Desiccant-Filling-Machine-300x142.png 300w, https:\/\/www.glasstechcanada.ca\/wp-content\/uploads\/2023\/08\/Automatic-Desiccant-Filling-Machine-768x363.png 768w, https:\/\/www.glasstechcanada.ca\/wp-content\/uploads\/2023\/08\/Automatic-Desiccant-Filling-Machine.png 900w\" alt=\"\" width=\"300\" height=\"142\" \/><\/p>\n","protected":false},"excerpt":{"rendered":"<p>China Liaoning North Glass Machine Co., Ltd\u00a0\u00a0Stand: E27 Website:\u00a0http:\/\/en.bfglass.com\/ Company Introduction: Hoy, en el siglo XXI, las creaciones cambian cada d\u00eda que pasa y la ciencia y la tecnolog\u00eda avanzan r\u00e1pidamente. La tecnolog\u00eda est\u00e1 afectando nuestras vidas y cambiando nuestro mundo. En el campo de la alta tecnolog\u00eda, una empresa de alta tecnolog\u00eda en la [&hellip;]<\/p>\n","protected":false},"author":1,"featured_media":0,"parent":10281,"menu_order":0,"comment_status":"closed","ping_status":"closed","template":"","meta":{"footnotes":""},"_links":{"self":[{"href":"https:\/\/chileglass.com\/en\/wp-json\/wp\/v2\/pages\/9605"}],"collection":[{"href":"https:\/\/chileglass.com\/en\/wp-json\/wp\/v2\/pages"}],"about":[{"href":"https:\/\/chileglass.com\/en\/wp-json\/wp\/v2\/types\/page"}],"author":[{"embeddable":true,"href":"https:\/\/chileglass.com\/en\/wp-json\/wp\/v2\/users\/1"}],"replies":[{"embeddable":true,"href":"https:\/\/chileglass.com\/en\/wp-json\/wp\/v2\/comments?post=9605"}],"version-history":[{"count":3,"href":"https:\/\/chileglass.com\/en\/wp-json\/wp\/v2\/pages\/9605\/revisions"}],"predecessor-version":[{"id":9608,"href":"https:\/\/chileglass.com\/en\/wp-json\/wp\/v2\/pages\/9605\/revisions\/9608"}],"up":[{"embeddable":true,"href":"https:\/\/chileglass.com\/en\/wp-json\/wp\/v2\/pages\/10281"}],"wp:attachment":[{"href":"https:\/\/chileglass.com\/en\/wp-json\/wp\/v2\/media?parent=9605"}],"curies":[{"name":"wp","href":"https:\/\/api.w.org\/{rel}","templated":true}]}}