{"id":9559,"date":"2024-01-17T18:45:06","date_gmt":"2024-01-17T18:45:06","guid":{"rendered":"https:\/\/chileglass.com\/?page_id=9559"},"modified":"2025-01-15T23:37:03","modified_gmt":"2025-01-15T23:37:03","slug":"zhisheng","status":"publish","type":"page","link":"https:\/\/chileglass.com\/en\/exhibitor-list-2024\/zhisheng\/","title":{"rendered":"Faith Import and Export Trading Co., Ltd"},"content":{"rendered":"<p><strong>Faith Import and Export Trading Co., Ltd\u00a0\u00a0 N\u00famero de stand: F20<\/strong><\/p>\n<p><img loading=\"lazy\" decoding=\"async\" class=\"alignnone size-full wp-image-9560\" src=\"https:\/\/chileglass.com\/wp-content\/uploads\/2024\/01\/Faith-Logo.png\" alt=\"\" width=\"100\" height=\"102\" \/><\/p>\n<h5><strong>Website:\u00a0<a href=\"https:\/\/zsglasshardware.en.alibaba.com\/\" target=\"_blank\" rel=\"noopener noreferrer\">https:\/\/zsglasshardware.en.alibaba.com\/<\/a><\/strong><\/h5>\n<p><strong><b>\u00a0Introducci\u00f3n de la Compa\u00f1\u00eda:<\/b><\/strong><\/p>\n<p>We have been specialized in the production of glass hardware since 1990 and exported to 85 countries, with rich OEM\/ODM experience. The main products are glass shower hinge, glass clamp, glass door handle, glass door hinge, glass fitting and so on. Also the customized products are one of our main products.<\/p>\n<p><strong><b>\u00a0Productos:<\/b><\/strong><\/p>\n<p>bathroom shower hinge, glass fitting, glass door handle, glass clamp, glass door hinge, tube connector<\/p>\n<p><img loading=\"lazy\" decoding=\"async\" class=\"alignnone wp-image-9561\" src=\"https:\/\/chileglass.com\/wp-content\/uploads\/2024\/01\/\u56fe\u724710-300x225.png\" alt=\"\" width=\"243\" height=\"182\" srcset=\"https:\/\/chileglass.com\/wp-content\/uploads\/2024\/01\/\u56fe\u724710-300x225.png 300w, https:\/\/chileglass.com\/wp-content\/uploads\/2024\/01\/\u56fe\u724710-1024x767.png 1024w, https:\/\/chileglass.com\/wp-content\/uploads\/2024\/01\/\u56fe\u724710-768x575.png 768w, https:\/\/chileglass.com\/wp-content\/uploads\/2024\/01\/\u56fe\u724710-1536x1151.png 1536w, https:\/\/chileglass.com\/wp-content\/uploads\/2024\/01\/\u56fe\u724710.png 1706w\" sizes=\"(max-width: 243px) 100vw, 243px\" \/> <img loading=\"lazy\" decoding=\"async\" class=\"alignnone wp-image-9562\" src=\"https:\/\/chileglass.com\/wp-content\/uploads\/2024\/01\/\u56fe\u724711-300x225.png\" alt=\"\" width=\"240\" height=\"180\" srcset=\"https:\/\/chileglass.com\/wp-content\/uploads\/2024\/01\/\u56fe\u724711-300x225.png 300w, https:\/\/chileglass.com\/wp-content\/uploads\/2024\/01\/\u56fe\u724711-1024x768.png 1024w, https:\/\/chileglass.com\/wp-content\/uploads\/2024\/01\/\u56fe\u724711-768x576.png 768w, https:\/\/chileglass.com\/wp-content\/uploads\/2024\/01\/\u56fe\u724711-1536x1152.png 1536w, https:\/\/chileglass.com\/wp-content\/uploads\/2024\/01\/\u56fe\u724711.png 1706w\" sizes=\"(max-width: 240px) 100vw, 240px\" \/> <img loading=\"lazy\" decoding=\"async\" class=\"alignnone wp-image-9563\" src=\"https:\/\/chileglass.com\/wp-content\/uploads\/2024\/01\/\u56fe\u724712-300x225.png\" alt=\"\" width=\"235\" height=\"176\" srcset=\"https:\/\/chileglass.com\/wp-content\/uploads\/2024\/01\/\u56fe\u724712-300x225.png 300w, https:\/\/chileglass.com\/wp-content\/uploads\/2024\/01\/\u56fe\u724712-1024x768.png 1024w, https:\/\/chileglass.com\/wp-content\/uploads\/2024\/01\/\u56fe\u724712-768x576.png 768w, https:\/\/chileglass.com\/wp-content\/uploads\/2024\/01\/\u56fe\u724712-1536x1152.png 1536w, https:\/\/chileglass.com\/wp-content\/uploads\/2024\/01\/\u56fe\u724712.png 1706w\" sizes=\"(max-width: 235px) 100vw, 235px\" \/> <img loading=\"lazy\" decoding=\"async\" class=\"alignnone wp-image-9564\" src=\"https:\/\/chileglass.com\/wp-content\/uploads\/2024\/01\/\u56fe\u724713-300x225.png\" alt=\"\" width=\"328\" height=\"246\" srcset=\"https:\/\/chileglass.com\/wp-content\/uploads\/2024\/01\/\u56fe\u724713-300x225.png 300w, https:\/\/chileglass.com\/wp-content\/uploads\/2024\/01\/\u56fe\u724713-1024x768.png 1024w, https:\/\/chileglass.com\/wp-content\/uploads\/2024\/01\/\u56fe\u724713-768x576.png 768w, https:\/\/chileglass.com\/wp-content\/uploads\/2024\/01\/\u56fe\u724713-1536x1152.png 1536w, https:\/\/chileglass.com\/wp-content\/uploads\/2024\/01\/\u56fe\u724713.png 1706w\" sizes=\"(max-width: 328px) 100vw, 328px\" \/> <img loading=\"lazy\" decoding=\"async\" class=\"alignnone wp-image-9565\" src=\"https:\/\/chileglass.com\/wp-content\/uploads\/2024\/01\/\u56fe\u724714-221x300.png\" alt=\"\" width=\"182\" height=\"246\" srcset=\"https:\/\/chileglass.com\/wp-content\/uploads\/2024\/01\/\u56fe\u724714-221x300.png 221w, https:\/\/chileglass.com\/wp-content\/uploads\/2024\/01\/\u56fe\u724714.png 730w\" sizes=\"(max-width: 182px) 100vw, 182px\" \/> <img loading=\"lazy\" decoding=\"async\" class=\"alignnone wp-image-9566\" src=\"https:\/\/chileglass.com\/wp-content\/uploads\/2024\/01\/\u56fe\u724715-225x300.png\" alt=\"\" width=\"184\" height=\"245\" srcset=\"https:\/\/chileglass.com\/wp-content\/uploads\/2024\/01\/\u56fe\u724715-225x300.png 225w, https:\/\/chileglass.com\/wp-content\/uploads\/2024\/01\/\u56fe\u724715-768x1024.png 768w, https:\/\/chileglass.com\/wp-content\/uploads\/2024\/01\/\u56fe\u724715-1152x1536.png 1152w, https:\/\/chileglass.com\/wp-content\/uploads\/2024\/01\/\u56fe\u724715.png 1280w\" sizes=\"(max-width: 184px) 100vw, 184px\" \/> <img loading=\"lazy\" decoding=\"async\" class=\"alignnone size-medium wp-image-9567\" src=\"https:\/\/chileglass.com\/wp-content\/uploads\/2024\/01\/\u56fe\u724716-300x225.png\" alt=\"\" width=\"300\" height=\"225\" srcset=\"https:\/\/chileglass.com\/wp-content\/uploads\/2024\/01\/\u56fe\u724716-300x225.png 300w, https:\/\/chileglass.com\/wp-content\/uploads\/2024\/01\/\u56fe\u724716-1024x767.png 1024w, https:\/\/chileglass.com\/wp-content\/uploads\/2024\/01\/\u56fe\u724716-768x575.png 768w, https:\/\/chileglass.com\/wp-content\/uploads\/2024\/01\/\u56fe\u724716-1536x1151.png 1536w, https:\/\/chileglass.com\/wp-content\/uploads\/2024\/01\/\u56fe\u724716.png 1706w\" sizes=\"(max-width: 300px) 100vw, 300px\" \/> <img loading=\"lazy\" decoding=\"async\" class=\"alignnone wp-image-9568\" src=\"https:\/\/chileglass.com\/wp-content\/uploads\/2024\/01\/\u56fe\u72477-252x300.png\" alt=\"\" width=\"193\" height=\"230\" srcset=\"https:\/\/chileglass.com\/wp-content\/uploads\/2024\/01\/\u56fe\u72477-252x300.png 252w, https:\/\/chileglass.com\/wp-content\/uploads\/2024\/01\/\u56fe\u72477.png 382w\" sizes=\"(max-width: 193px) 100vw, 193px\" \/> <img loading=\"lazy\" decoding=\"async\" class=\"alignnone size-medium wp-image-9569\" src=\"https:\/\/chileglass.com\/wp-content\/uploads\/2024\/01\/\u56fe\u72478-300x225.png\" alt=\"\" width=\"300\" height=\"225\" srcset=\"https:\/\/chileglass.com\/wp-content\/uploads\/2024\/01\/\u56fe\u72478-300x225.png 300w, https:\/\/chileglass.com\/wp-content\/uploads\/2024\/01\/\u56fe\u72478-1024x767.png 1024w, https:\/\/chileglass.com\/wp-content\/uploads\/2024\/01\/\u56fe\u72478-768x575.png 768w, https:\/\/chileglass.com\/wp-content\/uploads\/2024\/01\/\u56fe\u72478-1536x1151.png 1536w, https:\/\/chileglass.com\/wp-content\/uploads\/2024\/01\/\u56fe\u72478.png 1706w\" sizes=\"(max-width: 300px) 100vw, 300px\" \/> <img loading=\"lazy\" decoding=\"async\" class=\"alignnone wp-image-9570\" src=\"https:\/\/chileglass.com\/wp-content\/uploads\/2024\/01\/\u56fe\u72479-300x300.png\" alt=\"\" width=\"228\" height=\"228\" srcset=\"https:\/\/chileglass.com\/wp-content\/uploads\/2024\/01\/\u56fe\u72479-300x300.png 300w, https:\/\/chileglass.com\/wp-content\/uploads\/2024\/01\/\u56fe\u72479-1024x1024.png 1024w, https:\/\/chileglass.com\/wp-content\/uploads\/2024\/01\/\u56fe\u72479-150x150.png 150w, https:\/\/chileglass.com\/wp-content\/uploads\/2024\/01\/\u56fe\u72479-768x768.png 768w, https:\/\/chileglass.com\/wp-content\/uploads\/2024\/01\/\u56fe\u72479.png 1280w\" sizes=\"(max-width: 228px) 100vw, 228px\" \/><\/p>\n","protected":false},"excerpt":{"rendered":"<p>Faith Import and Export Trading Co., Ltd\u00a0\u00a0 N\u00famero de stand: F20 Website:\u00a0https:\/\/zsglasshardware.en.alibaba.com\/ \u00a0Introducci\u00f3n de la Compa\u00f1\u00eda: We have been specialized in the production of glass hardware since 1990 and exported to 85 countries, with rich OEM\/ODM experience. The main products are glass shower hinge, glass clamp, glass door handle, glass door hinge, glass fitting and [&hellip;]<\/p>\n","protected":false},"author":1,"featured_media":0,"parent":10281,"menu_order":0,"comment_status":"closed","ping_status":"closed","template":"","meta":{"footnotes":""},"_links":{"self":[{"href":"https:\/\/chileglass.com\/en\/wp-json\/wp\/v2\/pages\/9559"}],"collection":[{"href":"https:\/\/chileglass.com\/en\/wp-json\/wp\/v2\/pages"}],"about":[{"href":"https:\/\/chileglass.com\/en\/wp-json\/wp\/v2\/types\/page"}],"author":[{"embeddable":true,"href":"https:\/\/chileglass.com\/en\/wp-json\/wp\/v2\/users\/1"}],"replies":[{"embeddable":true,"href":"https:\/\/chileglass.com\/en\/wp-json\/wp\/v2\/comments?post=9559"}],"version-history":[{"count":5,"href":"https:\/\/chileglass.com\/en\/wp-json\/wp\/v2\/pages\/9559\/revisions"}],"predecessor-version":[{"id":13010,"href":"https:\/\/chileglass.com\/en\/wp-json\/wp\/v2\/pages\/9559\/revisions\/13010"}],"up":[{"embeddable":true,"href":"https:\/\/chileglass.com\/en\/wp-json\/wp\/v2\/pages\/10281"}],"wp:attachment":[{"href":"https:\/\/chileglass.com\/en\/wp-json\/wp\/v2\/media?parent=9559"}],"curies":[{"name":"wp","href":"https:\/\/api.w.org\/{rel}","templated":true}]}}