{"id":9192,"date":"2023-06-30T02:45:16","date_gmt":"2023-06-30T02:45:16","guid":{"rendered":"https:\/\/chileglass.com\/?page_id=9192"},"modified":"2023-06-30T02:46:00","modified_gmt":"2023-06-30T02:46:00","slug":"chinaglass","status":"publish","type":"page","link":"https:\/\/chileglass.com\/en\/chinaglass\/","title":{"rendered":"China Glass Network"},"content":{"rendered":"<p style=\"text-align: center;\"><strong>China Glass Network(Hangzhou Needindex Info-Tech Co.,Ltd\uff09 \u00a0 N\u00famero de stand:\u00a0\u00a0<\/strong><\/p>\n<p style=\"text-align: center;\"><img loading=\"lazy\" decoding=\"async\" class=\"alignnone wp-image-9193\" src=\"https:\/\/chileglass.com\/wp-content\/uploads\/2023\/06\/Glassinchina-logo-300x95.jpg\" alt=\"\" width=\"275\" height=\"87\" srcset=\"https:\/\/chileglass.com\/wp-content\/uploads\/2023\/06\/Glassinchina-logo-300x95.jpg 300w, https:\/\/chileglass.com\/wp-content\/uploads\/2023\/06\/Glassinchina-logo.jpg 768w\" sizes=\"(max-width: 275px) 100vw, 275px\" \/><\/p>\n<h5 style=\"text-align: center;\">Website:\u00a0<a href=\"http:\/\/www.glassinchina.com\/\" target=\"_blank\" rel=\"noopener noreferrer\">http:\/\/www.glassinchina.com\/<\/a><\/h5>\n<p style=\"text-align: center;\"><strong>Productos:<\/strong><\/p>\n<p style=\"text-align: center;\">Industry media, Network media<\/p>\n<p style=\"text-align: center;\"><strong>Introducci\u00f3n de la Compa\u00f1\u00eda:<\/strong><\/p>\n<p style=\"text-align: center;\">China Glass Network (Chinese Version: www.glass.com.cn; English Version: www.glassinchina.com) is one worldwide direct and effective E-commerce platform for glass enterprises, traders, distributors and consumers. Our special service mode is \u201cTrinity Service= Network + Books+ Exhibitions\u201d, including website building, e-commerce trade, software developing, professional books, exhibitions and etc.<\/p>\n<p style=\"text-align: center;\">China Glass Network is just one project under Hangzhou Needindex Info-Tech Co., Ltd that has rich experience and strength in information service field. Our company sets up IT department, Software department, Service department, Editing department and other related departments to fully service for glass industry.<\/p>\n<p style=\"text-align: center;\">Our advantages:<\/p>\n<p style=\"text-align: center;\">First and only E-commerce website that focus on international glass market in China.<\/p>\n<p style=\"text-align: center;\">Years of accumulation of China Glass Network (Chinese Version), having large database of China glass companies and having gained good reputation and popularity in glass industry of China Professional and experienced teams of staffs, scope from website designing, maintaining, service, editing and etc.<\/p>\n<p style=\"text-align: center;\">Company\u2019s great attention for this website\u2019s international promotion, putting large funds and energy to make this website. Attending lots of famous glass exhibitions around the world.<\/p>\n<p style=\"text-align: center;\">Finally, as the rapid increasing of Internet, how to make use of professional website platforms to get more business, low the cost and improve the efficiency has played great role in nowadays competition. China Glass Network is striving to become the top Network Media for glass industry, and growing together with China glass companies.<\/p>\n<p style=\"text-align: center;\">\n<p style=\"text-align: center;\">Contact person: Danny Wang<\/p>\n<p style=\"text-align: center;\">Tel: +86-571-89937541\/+86-19906632841<\/p>\n<p style=\"text-align: center;\">Email: glassinchina@126.com<\/p>\n<p>&nbsp;<\/p>\n","protected":false},"excerpt":{"rendered":"<p>China Glass Network(Hangzhou Needindex Info-Tech Co.,Ltd\uff09 \u00a0 N\u00famero de stand:\u00a0\u00a0 Website:\u00a0http:\/\/www.glassinchina.com\/ Productos: Industry media, Network media Introducci\u00f3n de la Compa\u00f1\u00eda: China Glass Network (Chinese Version: www.glass.com.cn; English Version: www.glassinchina.com) is one worldwide direct and effective E-commerce platform for glass enterprises, traders, distributors and consumers. Our special service mode is \u201cTrinity Service= Network + Books+ Exhibitions\u201d, [&hellip;]<\/p>\n","protected":false},"author":1,"featured_media":0,"parent":0,"menu_order":0,"comment_status":"closed","ping_status":"closed","template":"","meta":{"footnotes":""},"_links":{"self":[{"href":"https:\/\/chileglass.com\/en\/wp-json\/wp\/v2\/pages\/9192"}],"collection":[{"href":"https:\/\/chileglass.com\/en\/wp-json\/wp\/v2\/pages"}],"about":[{"href":"https:\/\/chileglass.com\/en\/wp-json\/wp\/v2\/types\/page"}],"author":[{"embeddable":true,"href":"https:\/\/chileglass.com\/en\/wp-json\/wp\/v2\/users\/1"}],"replies":[{"embeddable":true,"href":"https:\/\/chileglass.com\/en\/wp-json\/wp\/v2\/comments?post=9192"}],"version-history":[{"count":2,"href":"https:\/\/chileglass.com\/en\/wp-json\/wp\/v2\/pages\/9192\/revisions"}],"predecessor-version":[{"id":9196,"href":"https:\/\/chileglass.com\/en\/wp-json\/wp\/v2\/pages\/9192\/revisions\/9196"}],"wp:attachment":[{"href":"https:\/\/chileglass.com\/en\/wp-json\/wp\/v2\/media?parent=9192"}],"curies":[{"name":"wp","href":"https:\/\/api.w.org\/{rel}","templated":true}]}}