{"id":7827,"date":"2023-03-14T20:46:50","date_gmt":"2023-03-14T20:46:50","guid":{"rendered":"https:\/\/chileglass.com\/en\/?page_id=7827"},"modified":"2024-03-04T23:06:50","modified_gmt":"2024-03-04T23:06:50","slug":"alugama","status":"publish","type":"page","link":"https:\/\/chileglass.com\/en\/exhibitor-list-2024\/alugama\/","title":{"rendered":"DISTRIBUIDORA DE ALUMINIO MENA (ALUGAMA)"},"content":{"rendered":"<p style=\"text-align: left;\"><strong>DISTRIBUIDORA DE ALUMINIO MENA (ALUGAMA)\u00a0 \u00a0 N\u00famero de stand: A4<\/strong><\/p>\n<p style=\"text-align: left;\"><img loading=\"lazy\" decoding=\"async\" class=\"alignnone wp-image-7830\" src=\"https:\/\/chileglass.com\/wp-content\/uploads\/2023\/03\/LOGO-ALUGAMA-300x160.jpg\" alt=\"\" width=\"225\" height=\"120\" srcset=\"https:\/\/chileglass.com\/wp-content\/uploads\/2023\/03\/LOGO-ALUGAMA-300x160.jpg 300w, https:\/\/chileglass.com\/wp-content\/uploads\/2023\/03\/LOGO-ALUGAMA-768x410.jpg 768w, https:\/\/chileglass.com\/wp-content\/uploads\/2023\/03\/LOGO-ALUGAMA-1024x547.jpg 1024w, https:\/\/chileglass.com\/wp-content\/uploads\/2023\/03\/LOGO-ALUGAMA.jpg 1280w\" sizes=\"(max-width: 225px) 100vw, 225px\" \/><\/p>\n<h5 style=\"text-align: left;\">Website: <a href=\"https:\/\/alugama.net\/\" target=\"_blank\" rel=\"noopener noreferrer\">https:\/\/alugama.net\/ <\/a><\/h5>\n<h5 style=\"text-align: left;\"><a href=\"https:\/\/www.facebook.com\/Alugama.Distribuidora\" target=\"_blank\" rel=\"noopener noreferrer\"><u>https:\/\/www.facebook.com\/Alugama.Distribuidora<\/u><\/a><\/h5>\n<h5 style=\"text-align: left;\"><a href=\"https:\/\/www.instagram.com\/alugama.distribuidora\/\" target=\"_blank\" rel=\"noopener noreferrer\">https:\/\/www.instagram.com\/alugama.distribuidora\/<\/a><\/h5>\n<p style=\"text-align: left;\"><strong>Products \/ Productos:<\/strong><\/p>\n<p style=\"text-align: left;\">Aluminio, Vidrio y Herraje.<\/p>\n<p style=\"text-align: center;\"><img loading=\"lazy\" decoding=\"async\" class=\"alignnone size-medium wp-image-10988 alignleft\" src=\"https:\/\/chileglass.com\/wp-content\/uploads\/2024\/03\/herraje_overhi-300x300.jpg\" alt=\"\" width=\"300\" height=\"300\" srcset=\"https:\/\/chileglass.com\/wp-content\/uploads\/2024\/03\/herraje_overhi-300x300.jpg 300w, https:\/\/chileglass.com\/wp-content\/uploads\/2024\/03\/herraje_overhi-1024x1024.jpg 1024w, https:\/\/chileglass.com\/wp-content\/uploads\/2024\/03\/herraje_overhi-150x150.jpg 150w, https:\/\/chileglass.com\/wp-content\/uploads\/2024\/03\/herraje_overhi-768x768.jpg 768w, https:\/\/chileglass.com\/wp-content\/uploads\/2024\/03\/herraje_overhi.jpg 1500w\" sizes=\"(max-width: 300px) 100vw, 300px\" \/> <img loading=\"lazy\" decoding=\"async\" class=\"alignnone size-medium wp-image-10989 alignleft\" src=\"https:\/\/chileglass.com\/wp-content\/uploads\/2024\/03\/sucursales1_nov23-300x300.jpg\" alt=\"\" width=\"300\" height=\"300\" srcset=\"https:\/\/chileglass.com\/wp-content\/uploads\/2024\/03\/sucursales1_nov23-300x300.jpg 300w, https:\/\/chileglass.com\/wp-content\/uploads\/2024\/03\/sucursales1_nov23-1024x1024.jpg 1024w, https:\/\/chileglass.com\/wp-content\/uploads\/2024\/03\/sucursales1_nov23-150x150.jpg 150w, https:\/\/chileglass.com\/wp-content\/uploads\/2024\/03\/sucursales1_nov23-768x768.jpg 768w, https:\/\/chileglass.com\/wp-content\/uploads\/2024\/03\/sucursales1_nov23.jpg 1500w\" sizes=\"(max-width: 300px) 100vw, 300px\" \/> <img loading=\"lazy\" decoding=\"async\" class=\"alignnone size-medium wp-image-10990 alignleft\" src=\"https:\/\/chileglass.com\/wp-content\/uploads\/2024\/03\/Variedadevidrios_nov-300x300.jpg\" alt=\"\" width=\"300\" height=\"300\" srcset=\"https:\/\/chileglass.com\/wp-content\/uploads\/2024\/03\/Variedadevidrios_nov-300x300.jpg 300w, https:\/\/chileglass.com\/wp-content\/uploads\/2024\/03\/Variedadevidrios_nov-1024x1024.jpg 1024w, https:\/\/chileglass.com\/wp-content\/uploads\/2024\/03\/Variedadevidrios_nov-150x150.jpg 150w, https:\/\/chileglass.com\/wp-content\/uploads\/2024\/03\/Variedadevidrios_nov-768x768.jpg 768w, https:\/\/chileglass.com\/wp-content\/uploads\/2024\/03\/Variedadevidrios_nov.jpg 1500w\" sizes=\"(max-width: 300px) 100vw, 300px\" \/> <img loading=\"lazy\" decoding=\"async\" class=\"alignnone size-medium wp-image-10991 alignleft\" src=\"https:\/\/chileglass.com\/wp-content\/uploads\/2024\/03\/A_unestilodealtagamma-300x300.jpg\" alt=\"\" width=\"300\" height=\"300\" srcset=\"https:\/\/chileglass.com\/wp-content\/uploads\/2024\/03\/A_unestilodealtagamma-300x300.jpg 300w, https:\/\/chileglass.com\/wp-content\/uploads\/2024\/03\/A_unestilodealtagamma-1024x1024.jpg 1024w, https:\/\/chileglass.com\/wp-content\/uploads\/2024\/03\/A_unestilodealtagamma-150x150.jpg 150w, https:\/\/chileglass.com\/wp-content\/uploads\/2024\/03\/A_unestilodealtagamma-768x768.jpg 768w, https:\/\/chileglass.com\/wp-content\/uploads\/2024\/03\/A_unestilodealtagamma.jpg 1500w\" sizes=\"(max-width: 300px) 100vw, 300px\" \/> <img loading=\"lazy\" decoding=\"async\" class=\"alignnone size-medium wp-image-10992 alignleft\" src=\"https:\/\/chileglass.com\/wp-content\/uploads\/2024\/03\/AliadosenSoluciones_nov23-300x300.jpg\" alt=\"\" width=\"300\" height=\"300\" srcset=\"https:\/\/chileglass.com\/wp-content\/uploads\/2024\/03\/AliadosenSoluciones_nov23-300x300.jpg 300w, https:\/\/chileglass.com\/wp-content\/uploads\/2024\/03\/AliadosenSoluciones_nov23-1024x1024.jpg 1024w, https:\/\/chileglass.com\/wp-content\/uploads\/2024\/03\/AliadosenSoluciones_nov23-150x150.jpg 150w, https:\/\/chileglass.com\/wp-content\/uploads\/2024\/03\/AliadosenSoluciones_nov23-768x768.jpg 768w, https:\/\/chileglass.com\/wp-content\/uploads\/2024\/03\/AliadosenSoluciones_nov23.jpg 1500w\" sizes=\"(max-width: 300px) 100vw, 300px\" \/><\/p>\n<p>&nbsp;<\/p>\n<p>&nbsp;<\/p>\n<p>&nbsp;<\/p>\n<p>&nbsp;<\/p>\n<p>&nbsp;<\/p>\n<p>&nbsp;<\/p>\n<p>&nbsp;<\/p>\n<p>&nbsp;<\/p>\n<p>&nbsp;<\/p>\n<p>&nbsp;<\/p>\n<p>&nbsp;<\/p>\n<p>&nbsp;<\/p>\n<p>&nbsp;<\/p>\n<p>&nbsp;<\/p>\n<p>&nbsp;<\/p>\n<p>&nbsp;<\/p>\n<p><img loading=\"lazy\" decoding=\"async\" class=\"alignnone size-medium wp-image-10994\" src=\"https:\/\/chileglass.com\/wp-content\/uploads\/2024\/03\/Variedadevidrios_nov-1-300x300.jpg\" alt=\"\" width=\"300\" height=\"300\" srcset=\"https:\/\/chileglass.com\/wp-content\/uploads\/2024\/03\/Variedadevidrios_nov-1-300x300.jpg 300w, https:\/\/chileglass.com\/wp-content\/uploads\/2024\/03\/Variedadevidrios_nov-1-1024x1024.jpg 1024w, https:\/\/chileglass.com\/wp-content\/uploads\/2024\/03\/Variedadevidrios_nov-1-150x150.jpg 150w, https:\/\/chileglass.com\/wp-content\/uploads\/2024\/03\/Variedadevidrios_nov-1-768x768.jpg 768w, https:\/\/chileglass.com\/wp-content\/uploads\/2024\/03\/Variedadevidrios_nov-1.jpg 1500w\" sizes=\"(max-width: 300px) 100vw, 300px\" \/><\/p>\n<p style=\"text-align: left;\"><strong>Company introduction \/ Introducci\u00f3n de la Compa\u00f1\u00eda:<\/strong><\/p>\n<p style=\"text-align: left;\"><strong><b>Alugama<\/b><\/strong>\u00a0es una empresa mexicana fundada desde 1954 l\u00edderes en la distribuci\u00f3n de Aluminio, Vidrio y Herraje. Nuestra misi\u00f3n es trascender el \u00e9xito organizacional a nuestro entorno y colaboradores a trav\u00e9s del bienestar y satisfacci\u00f3n personal. Actualmente contamos con m\u00e1s de 14 sucursales por el pa\u00eds y seguimos creciendo.<\/p>\n<p style=\"text-align: left;\">\n","protected":false},"excerpt":{"rendered":"<p>DISTRIBUIDORA DE ALUMINIO MENA (ALUGAMA)\u00a0 \u00a0 N\u00famero de stand: A4 Website: https:\/\/alugama.net\/ https:\/\/www.facebook.com\/Alugama.Distribuidora https:\/\/www.instagram.com\/alugama.distribuidora\/ Products \/ Productos: Aluminio, Vidrio y Herraje. &nbsp; &nbsp; &nbsp; &nbsp; &nbsp; &nbsp; &nbsp; &nbsp; &nbsp; &nbsp; &nbsp; &nbsp; &nbsp; &nbsp; &nbsp; &nbsp; Company introduction \/ Introducci\u00f3n de la Compa\u00f1\u00eda: Alugama\u00a0es una empresa mexicana fundada desde 1954 l\u00edderes en la distribuci\u00f3n [&hellip;]<\/p>\n","protected":false},"author":1,"featured_media":0,"parent":10281,"menu_order":0,"comment_status":"closed","ping_status":"closed","template":"","meta":{"footnotes":""},"_links":{"self":[{"href":"https:\/\/chileglass.com\/en\/wp-json\/wp\/v2\/pages\/7827"}],"collection":[{"href":"https:\/\/chileglass.com\/en\/wp-json\/wp\/v2\/pages"}],"about":[{"href":"https:\/\/chileglass.com\/en\/wp-json\/wp\/v2\/types\/page"}],"author":[{"embeddable":true,"href":"https:\/\/chileglass.com\/en\/wp-json\/wp\/v2\/users\/1"}],"replies":[{"embeddable":true,"href":"https:\/\/chileglass.com\/en\/wp-json\/wp\/v2\/comments?post=7827"}],"version-history":[{"count":10,"href":"https:\/\/chileglass.com\/en\/wp-json\/wp\/v2\/pages\/7827\/revisions"}],"predecessor-version":[{"id":10996,"href":"https:\/\/chileglass.com\/en\/wp-json\/wp\/v2\/pages\/7827\/revisions\/10996"}],"up":[{"embeddable":true,"href":"https:\/\/chileglass.com\/en\/wp-json\/wp\/v2\/pages\/10281"}],"wp:attachment":[{"href":"https:\/\/chileglass.com\/en\/wp-json\/wp\/v2\/media?parent=7827"}],"curies":[{"name":"wp","href":"https:\/\/api.w.org\/{rel}","templated":true}]}}