{"id":13328,"date":"2025-02-19T23:38:00","date_gmt":"2025-02-19T23:38:00","guid":{"rendered":"https:\/\/chileglass.com\/?page_id=13328"},"modified":"2025-02-19T23:39:35","modified_gmt":"2025-02-19T23:39:35","slug":"mac-glastech-automation-co-limited","status":"publish","type":"page","link":"https:\/\/chileglass.com\/en\/mac-glastech-automation-co-limited\/","title":{"rendered":"MAC GLASTECH &#038; AUTOMATION CO., LIMITED"},"content":{"rendered":"\n<p><strong>MAC GLASTECH &#038; AUTOMATION CO., LIMITED Booth Number: D06<\/strong><\/p>\n\n\n\n<figure class=\"wp-block-image size-large is-resized\"><img loading=\"lazy\" decoding=\"async\" width=\"1024\" height=\"651\" src=\"https:\/\/chileglass.com\/wp-content\/uploads\/2025\/02\/0797badcda22944a487d83793ce45a3-1-1024x651.png\" alt=\"\" class=\"wp-image-13329\" style=\"width:262px;height:auto\" srcset=\"https:\/\/chileglass.com\/wp-content\/uploads\/2025\/02\/0797badcda22944a487d83793ce45a3-1-1024x651.png 1024w, https:\/\/chileglass.com\/wp-content\/uploads\/2025\/02\/0797badcda22944a487d83793ce45a3-1-300x191.png 300w, https:\/\/chileglass.com\/wp-content\/uploads\/2025\/02\/0797badcda22944a487d83793ce45a3-1-768x488.png 768w, https:\/\/chileglass.com\/wp-content\/uploads\/2025\/02\/0797badcda22944a487d83793ce45a3-1.png 1211w\" sizes=\"(max-width: 1024px) 100vw, 1024px\" \/><\/figure>\n\n\n\n<p>Website:&nbsp;www.macglassglobal.com<\/p>\n\n\n\n<p><strong>Products:<\/strong><\/p>\n\n\n\n<p>Soluciones de procesado de vidrio arquitect\u00f3nico<\/p>\n\n\n\n<p>Soluciones de procesado de vidrio para electrodom\u00e9sticos<\/p>\n\n\n\n<p>Soluciones de procesado de vidrio solar<\/p>\n\n\n\n<p>Soluciones de procesado de vidrio para automoci\u00f3n<\/p>\n\n\n\n<p>Soluciones para puertas de ducha<\/p>\n\n\n\n<p><strong>Company Introduction:<\/strong><\/p>\n\n\n\n<p>Somos una empresa dedicada a la automatizaci\u00f3n de maquinaria de fabricaci\u00f3n de vidrio. Fundada en 2016, con sede en Pek\u00edn, ofrecemos soluciones a medida para satisfacer las necesidades espec\u00edficas de nuestros clientes. Nuestro objetivo es mejorar la eficiencia y el nivel de automatizaci\u00f3n de la producci\u00f3n de vidrio. Con una tecnolog\u00eda innovadora y una amplia experiencia en el sector, hemos proporcionado con \u00e9xito equipos y servicios avanzados a numerosos clientes, ayud\u00e1ndoles a mantener una ventaja competitiva en el mercado.<\/p>\n\n\n\n<p>Estas son algunas de las soluciones en las que se centra nuestra empresa:<\/p>\n\n\n\n<p>Soluciones de procesamiento de vidrio arquitect\u00f3nico<\/p>\n\n\n\n<p>Soluciones de procesado de vidrio para electrodom\u00e9sticos<\/p>\n\n\n\n<p>Soluciones de procesado de vidrio solar<\/p>\n\n\n\n<p>Soluciones de procesado de vidrio para automoci\u00f3n<\/p>\n\n\n\n<p>Soluciones para puertas de ducha<\/p>\n\n\n\n<figure class=\"wp-block-image size-large\"><img loading=\"lazy\" decoding=\"async\" width=\"440\" height=\"1024\" src=\"https:\/\/chileglass.com\/wp-content\/uploads\/2025\/02\/6b941f1ce0c096844332da9520cc460-1-440x1024.png\" alt=\"\" class=\"wp-image-13330\" srcset=\"https:\/\/chileglass.com\/wp-content\/uploads\/2025\/02\/6b941f1ce0c096844332da9520cc460-1-440x1024.png 440w, https:\/\/chileglass.com\/wp-content\/uploads\/2025\/02\/6b941f1ce0c096844332da9520cc460-1-129x300.png 129w, https:\/\/chileglass.com\/wp-content\/uploads\/2025\/02\/6b941f1ce0c096844332da9520cc460-1.png 574w\" sizes=\"(max-width: 440px) 100vw, 440px\" \/><\/figure>\n\n\n\n<figure class=\"wp-block-image size-large\"><img loading=\"lazy\" decoding=\"async\" width=\"1024\" height=\"261\" src=\"https:\/\/chileglass.com\/wp-content\/uploads\/2025\/02\/43eeb010a935d3da65771b28f8a684c-1-1024x261.png\" alt=\"\" class=\"wp-image-13331\" srcset=\"https:\/\/chileglass.com\/wp-content\/uploads\/2025\/02\/43eeb010a935d3da65771b28f8a684c-1-1024x261.png 1024w, https:\/\/chileglass.com\/wp-content\/uploads\/2025\/02\/43eeb010a935d3da65771b28f8a684c-1-300x77.png 300w, https:\/\/chileglass.com\/wp-content\/uploads\/2025\/02\/43eeb010a935d3da65771b28f8a684c-1-768x196.png 768w, https:\/\/chileglass.com\/wp-content\/uploads\/2025\/02\/43eeb010a935d3da65771b28f8a684c-1-1536x392.png 1536w, https:\/\/chileglass.com\/wp-content\/uploads\/2025\/02\/43eeb010a935d3da65771b28f8a684c-1-2048x523.png 2048w\" sizes=\"(max-width: 1024px) 100vw, 1024px\" \/><\/figure>\n\n\n\n<figure class=\"wp-block-image size-large\"><img loading=\"lazy\" decoding=\"async\" width=\"870\" height=\"1024\" src=\"https:\/\/chileglass.com\/wp-content\/uploads\/2025\/02\/6de330c23819f123b77862b89ae2871-1-870x1024.png\" alt=\"\" class=\"wp-image-13332\" srcset=\"https:\/\/chileglass.com\/wp-content\/uploads\/2025\/02\/6de330c23819f123b77862b89ae2871-1-870x1024.png 870w, https:\/\/chileglass.com\/wp-content\/uploads\/2025\/02\/6de330c23819f123b77862b89ae2871-1-255x300.png 255w, https:\/\/chileglass.com\/wp-content\/uploads\/2025\/02\/6de330c23819f123b77862b89ae2871-1-768x904.png 768w, https:\/\/chileglass.com\/wp-content\/uploads\/2025\/02\/6de330c23819f123b77862b89ae2871-1.png 1092w\" sizes=\"(max-width: 870px) 100vw, 870px\" \/><\/figure>\n","protected":false},"excerpt":{"rendered":"<p>MAC GLASTECH &#038; AUTOMATION CO., LIMITED Booth Number: D06 Website:&nbsp;www.macglassglobal.com Products: Soluciones de procesado de vidrio arquitect\u00f3nico Soluciones de procesado de vidrio para electrodom\u00e9sticos Soluciones de procesado de vidrio solar Soluciones de procesado de vidrio para automoci\u00f3n Soluciones para puertas de ducha Company Introduction: Somos una empresa dedicada a la automatizaci\u00f3n de maquinaria de fabricaci\u00f3n [&hellip;]<\/p>\n","protected":false},"author":1,"featured_media":0,"parent":0,"menu_order":0,"comment_status":"closed","ping_status":"closed","template":"","meta":{"footnotes":""},"_links":{"self":[{"href":"https:\/\/chileglass.com\/en\/wp-json\/wp\/v2\/pages\/13328"}],"collection":[{"href":"https:\/\/chileglass.com\/en\/wp-json\/wp\/v2\/pages"}],"about":[{"href":"https:\/\/chileglass.com\/en\/wp-json\/wp\/v2\/types\/page"}],"author":[{"embeddable":true,"href":"https:\/\/chileglass.com\/en\/wp-json\/wp\/v2\/users\/1"}],"replies":[{"embeddable":true,"href":"https:\/\/chileglass.com\/en\/wp-json\/wp\/v2\/comments?post=13328"}],"version-history":[{"count":3,"href":"https:\/\/chileglass.com\/en\/wp-json\/wp\/v2\/pages\/13328\/revisions"}],"predecessor-version":[{"id":13335,"href":"https:\/\/chileglass.com\/en\/wp-json\/wp\/v2\/pages\/13328\/revisions\/13335"}],"wp:attachment":[{"href":"https:\/\/chileglass.com\/en\/wp-json\/wp\/v2\/media?parent=13328"}],"curies":[{"name":"wp","href":"https:\/\/api.w.org\/{rel}","templated":true}]}}