{"id":12157,"date":"2024-05-29T17:31:52","date_gmt":"2024-05-29T17:31:52","guid":{"rendered":"https:\/\/chileglass.com\/?page_id=12157"},"modified":"2024-11-18T18:14:01","modified_gmt":"2024-11-18T18:14:01","slug":"tenon","status":"publish","type":"page","link":"https:\/\/chileglass.com\/en\/exhibitor-list-2024\/tenon\/","title":{"rendered":"TENON (BEIJING) EQUIPMENT CO.,LTD."},"content":{"rendered":"<h5>TENON (BEIJING) EQUIPMENT CO.,LTD.\u00a0 \u00a0 \u00a0<strong>N\u00famero de stand: G12<\/strong><\/h5>\n<h5><img loading=\"lazy\" decoding=\"async\" class=\"alignnone wp-image-12159\" src=\"https:\/\/chileglass.com\/wp-content\/uploads\/2024\/05\/tenon-logo-300x67.png\" alt=\"\" width=\"242\" height=\"54\" srcset=\"https:\/\/chileglass.com\/wp-content\/uploads\/2024\/05\/tenon-logo-300x67.png 300w, https:\/\/chileglass.com\/wp-content\/uploads\/2024\/05\/tenon-logo-1024x228.png 1024w, https:\/\/chileglass.com\/wp-content\/uploads\/2024\/05\/tenon-logo-768x171.png 768w, https:\/\/chileglass.com\/wp-content\/uploads\/2024\/05\/tenon-logo.png 1113w\" sizes=\"(max-width: 242px) 100vw, 242px\" \/><\/h5>\n<h5>Website:<a href=\"http:\/\/WWW.TENON.COM.CN\" target=\"_blank\" rel=\"noopener\">WWW.TENON.COM.CN<\/a><\/h5>\n<p><strong>Introducci\u00f3n de la Compa\u00f1\u00eda:<\/strong><\/p>\n<p>With over thirty years of experience in the glass industry, TENON is dedicated to producing high-quality equipment for discerning customers. We continuously innovate our glass processing equipment, refine our processes, and provide tailored solutions for every glass processing facility. Join us in driving the modernization of the glass processing industry and standing out in the competitive market!<\/p>\n<p><strong>Productos:<\/strong><\/p>\n<p>INSULATING GLASS PRODUCTION LINE\/HORIZONTIAL SEAMING MACHINE\/SEALING ROBOT\/ THERMOPLASTIC SPACER APPLICATOR\/FLEXIBLE SPACER APPLICATOR\/\u00a0GLASS AUTO LOADER\/EDGE DELETION\/BUTYL EXTRUDER\/SPACER BENER\/DESICCANT FILLER, ETC<\/p>\n<p><img loading=\"lazy\" decoding=\"async\" class=\"alignnone size-medium wp-image-12160\" src=\"https:\/\/chileglass.com\/wp-content\/uploads\/2024\/05\/EyAoIOA\u00a5-300x143.png\" alt=\"\" width=\"300\" height=\"143\" srcset=\"https:\/\/chileglass.com\/wp-content\/uploads\/2024\/05\/EyAoIOA\u00a5-300x143.png 300w, https:\/\/chileglass.com\/wp-content\/uploads\/2024\/05\/EyAoIOA\u00a5-1024x488.png 1024w, https:\/\/chileglass.com\/wp-content\/uploads\/2024\/05\/EyAoIOA\u00a5-768x366.png 768w, https:\/\/chileglass.com\/wp-content\/uploads\/2024\/05\/EyAoIOA\u00a5-1536x732.png 1536w, https:\/\/chileglass.com\/wp-content\/uploads\/2024\/05\/EyAoIOA\u00a5.png 1613w\" sizes=\"(max-width: 300px) 100vw, 300px\" \/><\/p>\n","protected":false},"excerpt":{"rendered":"<p>TENON (BEIJING) EQUIPMENT CO.,LTD.\u00a0 \u00a0 \u00a0N\u00famero de stand: G12 Website:WWW.TENON.COM.CN Introducci\u00f3n de la Compa\u00f1\u00eda: With over thirty years of experience in the glass industry, TENON is dedicated to producing high-quality equipment for discerning customers. We continuously innovate our glass processing equipment, refine our processes, and provide tailored solutions for every glass processing facility. Join us [&hellip;]<\/p>\n","protected":false},"author":1,"featured_media":0,"parent":10281,"menu_order":0,"comment_status":"closed","ping_status":"closed","template":"","meta":{"footnotes":""},"_links":{"self":[{"href":"https:\/\/chileglass.com\/en\/wp-json\/wp\/v2\/pages\/12157"}],"collection":[{"href":"https:\/\/chileglass.com\/en\/wp-json\/wp\/v2\/pages"}],"about":[{"href":"https:\/\/chileglass.com\/en\/wp-json\/wp\/v2\/types\/page"}],"author":[{"embeddable":true,"href":"https:\/\/chileglass.com\/en\/wp-json\/wp\/v2\/users\/1"}],"replies":[{"embeddable":true,"href":"https:\/\/chileglass.com\/en\/wp-json\/wp\/v2\/comments?post=12157"}],"version-history":[{"count":4,"href":"https:\/\/chileglass.com\/en\/wp-json\/wp\/v2\/pages\/12157\/revisions"}],"predecessor-version":[{"id":12744,"href":"https:\/\/chileglass.com\/en\/wp-json\/wp\/v2\/pages\/12157\/revisions\/12744"}],"up":[{"embeddable":true,"href":"https:\/\/chileglass.com\/en\/wp-json\/wp\/v2\/pages\/10281"}],"wp:attachment":[{"href":"https:\/\/chileglass.com\/en\/wp-json\/wp\/v2\/media?parent=12157"}],"curies":[{"name":"wp","href":"https:\/\/api.w.org\/{rel}","templated":true}]}}