{"id":10905,"date":"2024-03-01T03:45:06","date_gmt":"2024-03-01T03:45:06","guid":{"rendered":"https:\/\/chileglass.com\/?page_id=10905"},"modified":"2025-01-16T00:27:28","modified_gmt":"2025-01-16T00:27:28","slug":"jinjing","status":"publish","type":"page","link":"https:\/\/chileglass.com\/en\/exhibitor-list-2024\/jinjing\/","title":{"rendered":"JINJING SCIENCE AND TECHNOLOGY STOCK CO.\uff0cLTD"},"content":{"rendered":"<p><strong>JINJING SCIENCE AND TECHNOLOGY STOCK CO.\uff0cLTD \u00a0 \u00a0N\u00famero de stand: F18<\/strong><\/p>\n<p><img loading=\"lazy\" decoding=\"async\" class=\"alignnone wp-image-10906\" src=\"https:\/\/chileglass.com\/wp-content\/uploads\/2024\/03\/Jinjing-Logo-300x207.jpg\" alt=\"\" width=\"183\" height=\"126\" srcset=\"https:\/\/chileglass.com\/wp-content\/uploads\/2024\/03\/Jinjing-Logo-300x207.jpg 300w, https:\/\/chileglass.com\/wp-content\/uploads\/2024\/03\/Jinjing-Logo.jpg 491w\" sizes=\"(max-width: 183px) 100vw, 183px\" \/><\/p>\n<h5>Website:\u00a0<a href=\"http:\/\/www.jinjing-glass.com\" target=\"_blank\" rel=\"noopener noreferrer\">www.jinjing-glass.com<\/a><\/h5>\n<p><strong>Introducci\u00f3n de la Compa\u00f1\u00eda:<\/strong><\/p>\n<p>Jinjing Group, que es uno de los principales fabricantes de vidrio en China, nos centramos en productos de vidrio de alta calidad.<br \/>\nContamos con una cadena de suministro de vidrio completa, desde la materia prima hasta el vidrio procesado.<br \/>\nNuestros principales productos incluyen:<br \/>\nVidrio ultra claro\/bajo en hierro (12 l\u00edneas flotantes y 2 l\u00edneas bajas en hierro)<br \/>\nEspesor: 3 mm-25 mm. tama\u00f1o m\u00e1ximo: 3660 mm * 18000 mm<br \/>\nVidrio tintado (dos bases de f\u00e1brica)<br \/>\nBronce, Gris, Verde, Azul&#8230;<br \/>\nVidrio estampado (dos bases de f\u00e1brica)<br \/>\nUno se centra en la construcci\u00f3n de vidrio y el otro en proporcionar paneles de vidrio solar.<br \/>\nVidrio recubierto duro de baja emisividad (ampliamente utilizado en ventanas residenciales e industriales) Tecnolog\u00eda de recubrimiento en l\u00ednea avanzada mundial&#8230;.<\/p>\n<p>Vidrio recubierto suave de baja emisividad<br \/>\n2 mm-19 mm Tama\u00f1o m\u00e1ximo 12000 mm * 3300 mm Vidrio con revestimiento de plata simple, doble y triple.<br \/>\nEn la industria de puertas y ventanas, nuestros vidrios revestidos est\u00e1n certificados en la base de datos IGDB.<br \/>\nVidrio fabricado (dos bases de f\u00e1brica fabricadas)<br \/>\nTemplado, laminado, cer\u00e1mica de color, IGU\u2026\u2026.<\/p>\n<p><strong>Products \/ Productos:<\/strong><\/p>\n<p>Vidrio Arquitect\u00f3nico<\/p>\n<p><img loading=\"lazy\" decoding=\"async\" class=\"alignnone size-medium wp-image-10907\" src=\"https:\/\/chileglass.com\/wp-content\/uploads\/2024\/03\/0dc65146e8afb2c79287e82ea4a40c17-300x225.jpg\" alt=\"\" width=\"300\" height=\"225\" srcset=\"https:\/\/chileglass.com\/wp-content\/uploads\/2024\/03\/0dc65146e8afb2c79287e82ea4a40c17-300x225.jpg 300w, https:\/\/chileglass.com\/wp-content\/uploads\/2024\/03\/0dc65146e8afb2c79287e82ea4a40c17-1024x768.jpg 1024w, https:\/\/chileglass.com\/wp-content\/uploads\/2024\/03\/0dc65146e8afb2c79287e82ea4a40c17-768x576.jpg 768w, https:\/\/chileglass.com\/wp-content\/uploads\/2024\/03\/0dc65146e8afb2c79287e82ea4a40c17-1536x1152.jpg 1536w, https:\/\/chileglass.com\/wp-content\/uploads\/2024\/03\/0dc65146e8afb2c79287e82ea4a40c17.jpg 1706w\" sizes=\"(max-width: 300px) 100vw, 300px\" \/> <img loading=\"lazy\" decoding=\"async\" class=\"alignnone wp-image-10908\" src=\"https:\/\/chileglass.com\/wp-content\/uploads\/2024\/03\/7c8544cfc6b42298c22b7db08c92fd8c-225x300.jpg\" alt=\"\" width=\"170\" height=\"227\" srcset=\"https:\/\/chileglass.com\/wp-content\/uploads\/2024\/03\/7c8544cfc6b42298c22b7db08c92fd8c-225x300.jpg 225w, https:\/\/chileglass.com\/wp-content\/uploads\/2024\/03\/7c8544cfc6b42298c22b7db08c92fd8c-768x1024.jpg 768w, https:\/\/chileglass.com\/wp-content\/uploads\/2024\/03\/7c8544cfc6b42298c22b7db08c92fd8c.jpg 1080w\" sizes=\"(max-width: 170px) 100vw, 170px\" \/> <img loading=\"lazy\" decoding=\"async\" class=\"alignnone wp-image-10909\" src=\"https:\/\/chileglass.com\/wp-content\/uploads\/2024\/03\/91ea631c9282abde01341668c3f363b9-300x225.jpg\" alt=\"\" width=\"271\" height=\"203\" srcset=\"https:\/\/chileglass.com\/wp-content\/uploads\/2024\/03\/91ea631c9282abde01341668c3f363b9-300x225.jpg 300w, https:\/\/chileglass.com\/wp-content\/uploads\/2024\/03\/91ea631c9282abde01341668c3f363b9-1024x768.jpg 1024w, https:\/\/chileglass.com\/wp-content\/uploads\/2024\/03\/91ea631c9282abde01341668c3f363b9-768x576.jpg 768w, https:\/\/chileglass.com\/wp-content\/uploads\/2024\/03\/91ea631c9282abde01341668c3f363b9-1536x1152.jpg 1536w, https:\/\/chileglass.com\/wp-content\/uploads\/2024\/03\/91ea631c9282abde01341668c3f363b9.jpg 1706w\" sizes=\"(max-width: 271px) 100vw, 271px\" \/> <img loading=\"lazy\" decoding=\"async\" class=\"alignnone size-medium wp-image-10910\" src=\"https:\/\/chileglass.com\/wp-content\/uploads\/2024\/03\/515a81bfedeb601af5d93cdee308d09c-300x225.jpg\" alt=\"\" width=\"300\" height=\"225\" srcset=\"https:\/\/chileglass.com\/wp-content\/uploads\/2024\/03\/515a81bfedeb601af5d93cdee308d09c-300x225.jpg 300w, https:\/\/chileglass.com\/wp-content\/uploads\/2024\/03\/515a81bfedeb601af5d93cdee308d09c-1024x768.jpg 1024w, https:\/\/chileglass.com\/wp-content\/uploads\/2024\/03\/515a81bfedeb601af5d93cdee308d09c-768x576.jpg 768w, https:\/\/chileglass.com\/wp-content\/uploads\/2024\/03\/515a81bfedeb601af5d93cdee308d09c.jpg 1440w\" sizes=\"(max-width: 300px) 100vw, 300px\" \/> <img loading=\"lazy\" decoding=\"async\" class=\"alignnone size-medium wp-image-10911\" src=\"https:\/\/chileglass.com\/wp-content\/uploads\/2024\/03\/cf6bd7722874500f3bbc219e805dee2e-300x226.jpg\" alt=\"\" width=\"300\" height=\"226\" srcset=\"https:\/\/chileglass.com\/wp-content\/uploads\/2024\/03\/cf6bd7722874500f3bbc219e805dee2e-300x226.jpg 300w, https:\/\/chileglass.com\/wp-content\/uploads\/2024\/03\/cf6bd7722874500f3bbc219e805dee2e.jpg 427w\" sizes=\"(max-width: 300px) 100vw, 300px\" \/><\/p>\n","protected":false},"excerpt":{"rendered":"<p>JINJING SCIENCE AND TECHNOLOGY STOCK CO.\uff0cLTD \u00a0 \u00a0N\u00famero de stand: F18 Website:\u00a0www.jinjing-glass.com Introducci\u00f3n de la Compa\u00f1\u00eda: Jinjing Group, que es uno de los principales fabricantes de vidrio en China, nos centramos en productos de vidrio de alta calidad. Contamos con una cadena de suministro de vidrio completa, desde la materia prima hasta el vidrio procesado. [&hellip;]<\/p>\n","protected":false},"author":1,"featured_media":0,"parent":10281,"menu_order":0,"comment_status":"closed","ping_status":"closed","template":"","meta":{"footnotes":""},"_links":{"self":[{"href":"https:\/\/chileglass.com\/en\/wp-json\/wp\/v2\/pages\/10905"}],"collection":[{"href":"https:\/\/chileglass.com\/en\/wp-json\/wp\/v2\/pages"}],"about":[{"href":"https:\/\/chileglass.com\/en\/wp-json\/wp\/v2\/types\/page"}],"author":[{"embeddable":true,"href":"https:\/\/chileglass.com\/en\/wp-json\/wp\/v2\/users\/1"}],"replies":[{"embeddable":true,"href":"https:\/\/chileglass.com\/en\/wp-json\/wp\/v2\/comments?post=10905"}],"version-history":[{"count":4,"href":"https:\/\/chileglass.com\/en\/wp-json\/wp\/v2\/pages\/10905\/revisions"}],"predecessor-version":[{"id":13025,"href":"https:\/\/chileglass.com\/en\/wp-json\/wp\/v2\/pages\/10905\/revisions\/13025"}],"up":[{"embeddable":true,"href":"https:\/\/chileglass.com\/en\/wp-json\/wp\/v2\/pages\/10281"}],"wp:attachment":[{"href":"https:\/\/chileglass.com\/en\/wp-json\/wp\/v2\/media?parent=10905"}],"curies":[{"name":"wp","href":"https:\/\/api.w.org\/{rel}","templated":true}]}}