{"id":10561,"date":"2024-02-22T23:16:12","date_gmt":"2024-02-22T23:16:12","guid":{"rendered":"https:\/\/chileglass.com\/?page_id=10561"},"modified":"2024-02-27T14:59:14","modified_gmt":"2024-02-27T14:59:14","slug":"ryobi","status":"publish","type":"page","link":"https:\/\/chileglass.com\/en\/exhibitor-list-2024\/ryobi\/","title":{"rendered":"RYOBI"},"content":{"rendered":"<p><strong>RYOBI\u00a0 \u00a0 \u00a0 \u00a0 N\u00famero de stand: A20<\/strong><\/p>\n<p><img loading=\"lazy\" decoding=\"async\" class=\"alignnone wp-image-10562\" src=\"https:\/\/chileglass.com\/wp-content\/uploads\/2024\/02\/Logo-RYOBI-300x129.png\" alt=\"\" width=\"228\" height=\"98\" srcset=\"https:\/\/chileglass.com\/wp-content\/uploads\/2024\/02\/Logo-RYOBI-300x129.png 300w, https:\/\/chileglass.com\/wp-content\/uploads\/2024\/02\/Logo-RYOBI-1024x439.png 1024w, https:\/\/chileglass.com\/wp-content\/uploads\/2024\/02\/Logo-RYOBI-768x329.png 768w, https:\/\/chileglass.com\/wp-content\/uploads\/2024\/02\/Logo-RYOBI.png 1414w\" sizes=\"(max-width: 228px) 100vw, 228px\" \/><\/p>\n<h5>Website:\u00a0<a href=\"https:\/\/cherokeemexico.com\/\" target=\"_blank\" rel=\"noopener noreferrer\">https:\/\/cherokeemexico.com\/<\/a><\/h5>\n<p><strong>Productos:\u00a0<\/strong><\/p>\n<p>Lidera el mercado de cierrapuertas, bisagras hidr\u00e1ulicas y sistemas autom\u00e1ticos<\/p>\n<p><strong>Introducci\u00f3n de la Compa\u00f1\u00eda:<\/strong><\/p>\n<p>Lidera el mercado de cierrapuertas, bisagras hidr\u00e1ulicas y sistemas autom\u00e1ticos, utilizando sofisticadas tecnolog\u00edas de fundici\u00f3n y mecanizado perfeccionadas a partir de su experiencia en fundici\u00f3n a presi\u00f3n, y est\u00e1 creando nuevas fronteras en belleza y funcionalidad.<\/p>\n<p><img loading=\"lazy\" decoding=\"async\" class=\"alignnone size-medium wp-image-10563\" src=\"https:\/\/chileglass.com\/wp-content\/uploads\/2024\/02\/1002-300x300.png\" alt=\"\" width=\"300\" height=\"300\" srcset=\"https:\/\/chileglass.com\/wp-content\/uploads\/2024\/02\/1002-300x300.png 300w, https:\/\/chileglass.com\/wp-content\/uploads\/2024\/02\/1002-150x150.png 150w, https:\/\/chileglass.com\/wp-content\/uploads\/2024\/02\/1002-768x769.png 768w, https:\/\/chileglass.com\/wp-content\/uploads\/2024\/02\/1002.png 800w\" sizes=\"(max-width: 300px) 100vw, 300px\" \/> <img loading=\"lazy\" decoding=\"async\" class=\"alignnone size-medium wp-image-10564\" src=\"https:\/\/chileglass.com\/wp-content\/uploads\/2024\/02\/1001-300x300.png\" alt=\"\" width=\"300\" height=\"300\" srcset=\"https:\/\/chileglass.com\/wp-content\/uploads\/2024\/02\/1001-300x300.png 300w, https:\/\/chileglass.com\/wp-content\/uploads\/2024\/02\/1001-150x150.png 150w, https:\/\/chileglass.com\/wp-content\/uploads\/2024\/02\/1001-768x768.png 768w, https:\/\/chileglass.com\/wp-content\/uploads\/2024\/02\/1001.png 800w\" sizes=\"(max-width: 300px) 100vw, 300px\" \/><\/p>\n","protected":false},"excerpt":{"rendered":"<p>RYOBI\u00a0 \u00a0 \u00a0 \u00a0 N\u00famero de stand: A20 Website:\u00a0https:\/\/cherokeemexico.com\/ Productos:\u00a0 Lidera el mercado de cierrapuertas, bisagras hidr\u00e1ulicas y sistemas autom\u00e1ticos Introducci\u00f3n de la Compa\u00f1\u00eda: Lidera el mercado de cierrapuertas, bisagras hidr\u00e1ulicas y sistemas autom\u00e1ticos, utilizando sofisticadas tecnolog\u00edas de fundici\u00f3n y mecanizado perfeccionadas a partir de su experiencia en fundici\u00f3n a presi\u00f3n, y est\u00e1 creando nuevas [&hellip;]<\/p>\n","protected":false},"author":1,"featured_media":0,"parent":10281,"menu_order":0,"comment_status":"closed","ping_status":"closed","template":"","meta":{"footnotes":""},"_links":{"self":[{"href":"https:\/\/chileglass.com\/en\/wp-json\/wp\/v2\/pages\/10561"}],"collection":[{"href":"https:\/\/chileglass.com\/en\/wp-json\/wp\/v2\/pages"}],"about":[{"href":"https:\/\/chileglass.com\/en\/wp-json\/wp\/v2\/types\/page"}],"author":[{"embeddable":true,"href":"https:\/\/chileglass.com\/en\/wp-json\/wp\/v2\/users\/1"}],"replies":[{"embeddable":true,"href":"https:\/\/chileglass.com\/en\/wp-json\/wp\/v2\/comments?post=10561"}],"version-history":[{"count":2,"href":"https:\/\/chileglass.com\/en\/wp-json\/wp\/v2\/pages\/10561\/revisions"}],"predecessor-version":[{"id":10795,"href":"https:\/\/chileglass.com\/en\/wp-json\/wp\/v2\/pages\/10561\/revisions\/10795"}],"up":[{"embeddable":true,"href":"https:\/\/chileglass.com\/en\/wp-json\/wp\/v2\/pages\/10281"}],"wp:attachment":[{"href":"https:\/\/chileglass.com\/en\/wp-json\/wp\/v2\/media?parent=10561"}],"curies":[{"name":"wp","href":"https:\/\/api.w.org\/{rel}","templated":true}]}}