{"id":10554,"date":"2024-02-22T23:10:54","date_gmt":"2024-02-22T23:10:54","guid":{"rendered":"https:\/\/chileglass.com\/?page_id=10554"},"modified":"2024-02-27T14:59:00","modified_gmt":"2024-02-27T14:59:00","slug":"pujol","status":"publish","type":"page","link":"https:\/\/chileglass.com\/en\/exhibitor-list-2024\/pujol\/","title":{"rendered":"Pujol"},"content":{"rendered":"<p><strong>Pujol\u00a0 \u00a0\u00a0 \u00a0 N\u00famero de stand: A20<\/strong><\/p>\n<p><img loading=\"lazy\" decoding=\"async\" class=\"alignnone wp-image-10555\" src=\"https:\/\/chileglass.com\/wp-content\/uploads\/2024\/02\/Logo-Pujol-300x124.png\" alt=\"\" width=\"179\" height=\"74\" srcset=\"https:\/\/chileglass.com\/wp-content\/uploads\/2024\/02\/Logo-Pujol-300x124.png 300w, https:\/\/chileglass.com\/wp-content\/uploads\/2024\/02\/Logo-Pujol-1024x422.png 1024w, https:\/\/chileglass.com\/wp-content\/uploads\/2024\/02\/Logo-Pujol-768x316.png 768w, https:\/\/chileglass.com\/wp-content\/uploads\/2024\/02\/Logo-Pujol-1536x633.png 1536w, https:\/\/chileglass.com\/wp-content\/uploads\/2024\/02\/Logo-Pujol-2048x843.png 2048w\" sizes=\"(max-width: 179px) 100vw, 179px\" \/><\/p>\n<h5>Website:\u00a0<a href=\"https:\/\/www.pujolgroup.net\/en\/\" target=\"_blank\" rel=\"noopener noreferrer\">https:\/\/www.pujolgroup.net\/en\/<\/a><\/h5>\n<p><strong>Productos:\u00a0<\/strong><\/p>\n<p>laminating oven for EVA films LAM-PRO TOP DUO, the high productivity laminating oven for EVA films, AB-AR films PUJOL 100 SERIES.<\/p>\n<p><strong>Introducci\u00f3n de la Compa\u00f1\u00eda:<\/strong><\/p>\n<p>It is a fourth generation company founded in 1911 and integrated into the Pujol Group. Located in Barcelona and with an international vision, we have the LAM-PRO 32&#215;22 laminating oven, the two-chamber laminating oven for EVA films LAM-PRO TOP DUO, the high productivity laminating oven for EVA films, AB-AR films PUJOL 100 SERIES.<\/p>\n<p><img loading=\"lazy\" decoding=\"async\" class=\"alignnone wp-image-10556\" src=\"https:\/\/chileglass.com\/wp-content\/uploads\/2024\/02\/LAM-PRO-32X22-300x300.png\" alt=\"\" width=\"256\" height=\"256\" srcset=\"https:\/\/chileglass.com\/wp-content\/uploads\/2024\/02\/LAM-PRO-32X22-300x300.png 300w, https:\/\/chileglass.com\/wp-content\/uploads\/2024\/02\/LAM-PRO-32X22-150x150.png 150w, https:\/\/chileglass.com\/wp-content\/uploads\/2024\/02\/LAM-PRO-32X22-768x768.png 768w, https:\/\/chileglass.com\/wp-content\/uploads\/2024\/02\/LAM-PRO-32X22.png 800w\" sizes=\"(max-width: 256px) 100vw, 256px\" \/> <img loading=\"lazy\" decoding=\"async\" class=\"alignnone wp-image-10557\" src=\"https:\/\/chileglass.com\/wp-content\/uploads\/2024\/02\/LAM-PRO-TOP-DUO-300x300.png\" alt=\"\" width=\"254\" height=\"254\" srcset=\"https:\/\/chileglass.com\/wp-content\/uploads\/2024\/02\/LAM-PRO-TOP-DUO-300x300.png 300w, https:\/\/chileglass.com\/wp-content\/uploads\/2024\/02\/LAM-PRO-TOP-DUO-150x150.png 150w, https:\/\/chileglass.com\/wp-content\/uploads\/2024\/02\/LAM-PRO-TOP-DUO-768x768.png 768w, https:\/\/chileglass.com\/wp-content\/uploads\/2024\/02\/LAM-PRO-TOP-DUO.png 800w\" sizes=\"(max-width: 254px) 100vw, 254px\" \/><\/p>\n","protected":false},"excerpt":{"rendered":"<p>Pujol\u00a0 \u00a0\u00a0 \u00a0 N\u00famero de stand: A20 Website:\u00a0https:\/\/www.pujolgroup.net\/en\/ Productos:\u00a0 laminating oven for EVA films LAM-PRO TOP DUO, the high productivity laminating oven for EVA films, AB-AR films PUJOL 100 SERIES. Introducci\u00f3n de la Compa\u00f1\u00eda: It is a fourth generation company founded in 1911 and integrated into the Pujol Group. Located in Barcelona and with an [&hellip;]<\/p>\n","protected":false},"author":1,"featured_media":0,"parent":10281,"menu_order":0,"comment_status":"closed","ping_status":"closed","template":"","meta":{"footnotes":""},"_links":{"self":[{"href":"https:\/\/chileglass.com\/en\/wp-json\/wp\/v2\/pages\/10554"}],"collection":[{"href":"https:\/\/chileglass.com\/en\/wp-json\/wp\/v2\/pages"}],"about":[{"href":"https:\/\/chileglass.com\/en\/wp-json\/wp\/v2\/types\/page"}],"author":[{"embeddable":true,"href":"https:\/\/chileglass.com\/en\/wp-json\/wp\/v2\/users\/1"}],"replies":[{"embeddable":true,"href":"https:\/\/chileglass.com\/en\/wp-json\/wp\/v2\/comments?post=10554"}],"version-history":[{"count":2,"href":"https:\/\/chileglass.com\/en\/wp-json\/wp\/v2\/pages\/10554\/revisions"}],"predecessor-version":[{"id":10559,"href":"https:\/\/chileglass.com\/en\/wp-json\/wp\/v2\/pages\/10554\/revisions\/10559"}],"up":[{"embeddable":true,"href":"https:\/\/chileglass.com\/en\/wp-json\/wp\/v2\/pages\/10281"}],"wp:attachment":[{"href":"https:\/\/chileglass.com\/en\/wp-json\/wp\/v2\/media?parent=10554"}],"curies":[{"name":"wp","href":"https:\/\/api.w.org\/{rel}","templated":true}]}}