{"id":10510,"date":"2024-02-22T22:41:01","date_gmt":"2024-02-22T22:41:01","guid":{"rendered":"https:\/\/chileglass.com\/?page_id=10510"},"modified":"2024-02-27T14:47:03","modified_gmt":"2024-02-27T14:47:03","slug":"cherokee","status":"publish","type":"page","link":"https:\/\/chileglass.com\/en\/exhibitor-list-2024\/cherokee\/","title":{"rendered":"Cherokee"},"content":{"rendered":"<p><strong>Cherokee N\u00famero de stand: A20<\/strong><\/p>\n<p><img loading=\"lazy\" decoding=\"async\" class=\"alignnone wp-image-10511\" src=\"https:\/\/chileglass.com\/wp-content\/uploads\/2024\/02\/Logo-Cherokee-300x143.jpg\" alt=\"\" width=\"210\" height=\"100\" srcset=\"https:\/\/chileglass.com\/wp-content\/uploads\/2024\/02\/Logo-Cherokee-300x143.jpg 300w, https:\/\/chileglass.com\/wp-content\/uploads\/2024\/02\/Logo-Cherokee-1024x489.jpg 1024w, https:\/\/chileglass.com\/wp-content\/uploads\/2024\/02\/Logo-Cherokee-768x367.jpg 768w, https:\/\/chileglass.com\/wp-content\/uploads\/2024\/02\/Logo-Cherokee-1536x734.jpg 1536w, https:\/\/chileglass.com\/wp-content\/uploads\/2024\/02\/Logo-Cherokee.jpg 1772w\" sizes=\"(max-width: 210px) 100vw, 210px\" \/><\/p>\n<h5>Website:\u00a0<a href=\"https:\/\/cherokeemexico.com\/\" target=\"_blank\" rel=\"noopener noreferrer\">https:\/\/cherokeemexico.com\/<\/a><\/h5>\n<p><strong>Productos:<\/strong><\/p>\n<p>distribution of machinery for glass, aluminum and PVC<\/p>\n<p><strong>Introducci\u00f3n de la Compa\u00f1\u00eda:<\/strong><\/p>\n<p>It is a Grupo Herralum company, specialized in the distribution of machinery for glass, aluminum and PVC, some of the machines we have are the SZK480 automatic drill, the SXM261B rectilinear beveler<\/p>\n<p><img loading=\"lazy\" decoding=\"async\" class=\"alignnone size-medium wp-image-10512\" src=\"https:\/\/chileglass.com\/wp-content\/uploads\/2024\/02\/SZK480-300x300.png\" alt=\"\" width=\"300\" height=\"300\" srcset=\"https:\/\/chileglass.com\/wp-content\/uploads\/2024\/02\/SZK480-300x300.png 300w, https:\/\/chileglass.com\/wp-content\/uploads\/2024\/02\/SZK480-150x150.png 150w, https:\/\/chileglass.com\/wp-content\/uploads\/2024\/02\/SZK480-768x768.png 768w, https:\/\/chileglass.com\/wp-content\/uploads\/2024\/02\/SZK480.png 800w\" sizes=\"(max-width: 300px) 100vw, 300px\" \/> <img loading=\"lazy\" decoding=\"async\" class=\"alignnone size-medium wp-image-10513\" src=\"https:\/\/chileglass.com\/wp-content\/uploads\/2024\/02\/SXM261B-300x300.png\" alt=\"\" width=\"300\" height=\"300\" srcset=\"https:\/\/chileglass.com\/wp-content\/uploads\/2024\/02\/SXM261B-300x300.png 300w, https:\/\/chileglass.com\/wp-content\/uploads\/2024\/02\/SXM261B-150x150.png 150w, https:\/\/chileglass.com\/wp-content\/uploads\/2024\/02\/SXM261B-768x768.png 768w, https:\/\/chileglass.com\/wp-content\/uploads\/2024\/02\/SXM261B.png 800w\" sizes=\"(max-width: 300px) 100vw, 300px\" \/><\/p>\n","protected":false},"excerpt":{"rendered":"<p>Cherokee N\u00famero de stand: A20 Website:\u00a0https:\/\/cherokeemexico.com\/ Productos: distribution of machinery for glass, aluminum and PVC Introducci\u00f3n de la Compa\u00f1\u00eda: It is a Grupo Herralum company, specialized in the distribution of machinery for glass, aluminum and PVC, some of the machines we have are the SZK480 automatic drill, the SXM261B rectilinear beveler<\/p>\n","protected":false},"author":1,"featured_media":0,"parent":10281,"menu_order":0,"comment_status":"closed","ping_status":"closed","template":"","meta":{"footnotes":""},"_links":{"self":[{"href":"https:\/\/chileglass.com\/en\/wp-json\/wp\/v2\/pages\/10510"}],"collection":[{"href":"https:\/\/chileglass.com\/en\/wp-json\/wp\/v2\/pages"}],"about":[{"href":"https:\/\/chileglass.com\/en\/wp-json\/wp\/v2\/types\/page"}],"author":[{"embeddable":true,"href":"https:\/\/chileglass.com\/en\/wp-json\/wp\/v2\/users\/1"}],"replies":[{"embeddable":true,"href":"https:\/\/chileglass.com\/en\/wp-json\/wp\/v2\/comments?post=10510"}],"version-history":[{"count":3,"href":"https:\/\/chileglass.com\/en\/wp-json\/wp\/v2\/pages\/10510\/revisions"}],"predecessor-version":[{"id":10516,"href":"https:\/\/chileglass.com\/en\/wp-json\/wp\/v2\/pages\/10510\/revisions\/10516"}],"up":[{"embeddable":true,"href":"https:\/\/chileglass.com\/en\/wp-json\/wp\/v2\/pages\/10281"}],"wp:attachment":[{"href":"https:\/\/chileglass.com\/en\/wp-json\/wp\/v2\/media?parent=10510"}],"curies":[{"name":"wp","href":"https:\/\/api.w.org\/{rel}","templated":true}]}}