{"id":10498,"date":"2024-02-22T22:36:22","date_gmt":"2024-02-22T22:36:22","guid":{"rendered":"https:\/\/chileglass.com\/?page_id=10498"},"modified":"2024-02-27T14:46:42","modified_gmt":"2024-02-27T14:46:42","slug":"biesse","status":"publish","type":"page","link":"https:\/\/chileglass.com\/en\/exhibitor-list-2024\/biesse\/","title":{"rendered":"BIESSE"},"content":{"rendered":"<p><strong>BIESSE \u00a0 N\u00famero de stand: A20<\/strong><\/p>\r\n<p><img loading=\"lazy\" decoding=\"async\" class=\"alignnone  wp-image-10500\" src=\"https:\/\/chileglass.com\/wp-content\/uploads\/2024\/02\/Logo-BIESSE-300x169.jpg\" alt=\"\" width=\"199\" height=\"112\" srcset=\"https:\/\/chileglass.com\/wp-content\/uploads\/2024\/02\/Logo-BIESSE-300x169.jpg 300w, https:\/\/chileglass.com\/wp-content\/uploads\/2024\/02\/Logo-BIESSE-768x432.jpg 768w, https:\/\/chileglass.com\/wp-content\/uploads\/2024\/02\/Logo-BIESSE.jpg 777w\" sizes=\"(max-width: 199px) 100vw, 199px\" \/><\/p>\r\n<h5>Website:\u00a0<a href=\"https:\/\/www.biesse.com\/na\/\" target=\"_blank\" rel=\"noopener noreferrer\">https:\/\/www.biesse.com\/na\/<\/a><\/h5>\r\n<p><strong>Productos:<\/strong><\/p>\r\n<p>Integrated lines and machines for the machining of glass in the furniture, construction and automotive industries. Intermac<\/p>\r\n<p><strong>Introducci\u00f3n de la Compa\u00f1\u00eda:<\/strong><\/p>\r\n<p>We are an international company that manufactures integrated lines and machines for processing wood, glass, stone, plastic and composite materials, some examples of machines are the GENIUS RS-A automatic glass cutting table, the VERTMAX 2.2 vertical machining center, machining center horizontal MASTER 33.5 and more.<\/p>\r\n<p><img loading=\"lazy\" decoding=\"async\" class=\"alignnone size-medium wp-image-10506\" src=\"https:\/\/chileglass.com\/wp-content\/uploads\/2024\/02\/GENIUS-RS-A-300x300.png\" alt=\"\" width=\"300\" height=\"300\" srcset=\"https:\/\/chileglass.com\/wp-content\/uploads\/2024\/02\/GENIUS-RS-A-300x300.png 300w, https:\/\/chileglass.com\/wp-content\/uploads\/2024\/02\/GENIUS-RS-A-150x150.png 150w, https:\/\/chileglass.com\/wp-content\/uploads\/2024\/02\/GENIUS-RS-A-768x768.png 768w, https:\/\/chileglass.com\/wp-content\/uploads\/2024\/02\/GENIUS-RS-A.png 800w\" sizes=\"(max-width: 300px) 100vw, 300px\" \/> <img loading=\"lazy\" decoding=\"async\" class=\"alignnone size-medium wp-image-10505\" src=\"https:\/\/chileglass.com\/wp-content\/uploads\/2024\/02\/VERTMAX-2.2-300x300.png\" alt=\"\" width=\"300\" height=\"300\" srcset=\"https:\/\/chileglass.com\/wp-content\/uploads\/2024\/02\/VERTMAX-2.2-300x300.png 300w, https:\/\/chileglass.com\/wp-content\/uploads\/2024\/02\/VERTMAX-2.2-150x150.png 150w, https:\/\/chileglass.com\/wp-content\/uploads\/2024\/02\/VERTMAX-2.2-768x768.png 768w, https:\/\/chileglass.com\/wp-content\/uploads\/2024\/02\/VERTMAX-2.2.png 800w\" sizes=\"(max-width: 300px) 100vw, 300px\" \/><\/p>\r\n<div>You need to add a widget, row, or prebuilt layout before you&#8217;ll see anything here. \ud83d\ude42<\/div>","protected":false},"excerpt":{"rendered":"<p>BIESSE \u00a0 N\u00famero de stand: A20 Website:\u00a0https:\/\/www.biesse.com\/na\/ Productos: Integrated lines and machines for the machining of glass in the furniture, construction and automotive industries. Intermac Introducci\u00f3n de la Compa\u00f1\u00eda: We are an international company that manufactures integrated lines and machines for processing wood, glass, stone, plastic and composite materials, some examples of machines are the [&hellip;]<\/p>\n","protected":false},"author":1,"featured_media":0,"parent":10281,"menu_order":0,"comment_status":"closed","ping_status":"closed","template":"","meta":{"footnotes":""},"_links":{"self":[{"href":"https:\/\/chileglass.com\/en\/wp-json\/wp\/v2\/pages\/10498"}],"collection":[{"href":"https:\/\/chileglass.com\/en\/wp-json\/wp\/v2\/pages"}],"about":[{"href":"https:\/\/chileglass.com\/en\/wp-json\/wp\/v2\/types\/page"}],"author":[{"embeddable":true,"href":"https:\/\/chileglass.com\/en\/wp-json\/wp\/v2\/users\/1"}],"replies":[{"embeddable":true,"href":"https:\/\/chileglass.com\/en\/wp-json\/wp\/v2\/comments?post=10498"}],"version-history":[{"count":7,"href":"https:\/\/chileglass.com\/en\/wp-json\/wp\/v2\/pages\/10498\/revisions"}],"predecessor-version":[{"id":10508,"href":"https:\/\/chileglass.com\/en\/wp-json\/wp\/v2\/pages\/10498\/revisions\/10508"}],"up":[{"embeddable":true,"href":"https:\/\/chileglass.com\/en\/wp-json\/wp\/v2\/pages\/10281"}],"wp:attachment":[{"href":"https:\/\/chileglass.com\/en\/wp-json\/wp\/v2\/media?parent=10498"}],"curies":[{"name":"wp","href":"https:\/\/api.w.org\/{rel}","templated":true}]}}